{"id":236,"date":"2017-11-23T08:35:07","date_gmt":"2017-11-23T08:35:07","guid":{"rendered":"http:\/\/www.labfelipesanz.es\/lab\/?page_id=236"},"modified":"2017-11-28T18:18:27","modified_gmt":"2017-11-28T18:18:27","slug":"como-trabajamos","status":"publish","type":"page","link":"http:\/\/www.labfelipesanz.es\/lab\/index.php\/como-trabajamos\/","title":{"rendered":"COMO TRABAJAMOS"},"content":{"rendered":"<p><u><img loading=\"lazy\" decoding=\"async\" class=\"wp-image-246 alignright\" src=\"http:\/\/www.labfelipesanz.es\/lab\/wp-content\/uploads\/2017\/11\/proba-300x168.png\" alt=\"\" width=\"162\" height=\"91\" srcset=\"http:\/\/www.labfelipesanz.es\/lab\/wp-content\/uploads\/2017\/11\/proba-300x168.png 300w, http:\/\/www.labfelipesanz.es\/lab\/wp-content\/uploads\/2017\/11\/proba.png 565w\" sizes=\"(max-width: 162px) 100vw, 162px\" \/><\/u><\/p>\n<p style=\"text-align: justify;\">\u00a1Enviarnos sus trabajos es m\u00e1s f\u00e1cil que nunca!<\/p>\n<p style=\"text-align: justify;\">S\u00f3lo nos tiene que llamar y le daremos acceso a nuestra aplicaci\u00f3n, pudiendo solicitar, comprobar y gestionar todos sus trabajos de una manera inmediata.<\/p>\n<p style=\"text-align: justify;\">Tambi\u00e9n puede enviarnos su propia prescripci\u00f3n m\u00e9dica o solicitarnos la nuestra.<\/p>\n<p><a href=\"http:\/\/www.labfelipesanz.es\/lab\/wp-content\/uploads\/2017\/11\/Protocolo-Laboratorio-Dental-Felipe-Sanz.docx\">Protocolo Laboratorio Dental Felipe Sanz<\/a><\/p>\n<p style=\"text-align: justify;\"><strong>Mensajer\u00eda<\/strong><\/p>\n<p style=\"text-align: justify;\">El laboratorio dispone de su propio servicio de recogida y entrega\u00a0 a domicilio. Adem\u00e1s del servicio de una empresa de mensajer\u00eda como apoyo y para poder hacer m\u00e1s r\u00e1pido y \u00e1gil el seguimiento de los env\u00edos o recogidas en cualquier parte de Espa\u00f1a.<\/p>\n","protected":false},"excerpt":{"rendered":"<p>\u00a1Enviarnos sus trabajos es m\u00e1s f\u00e1cil que nunca! S\u00f3lo nos tiene que llamar y le daremos acceso a nuestra aplicaci\u00f3n, pudiendo solicitar, comprobar y gestionar todos sus trabajos de una manera inmediata. Tambi\u00e9n puede enviarnos su propia prescripci\u00f3n m\u00e9dica o solicitarnos la nuestra. Protocolo Laboratorio Dental Felipe Sanz Mensajer\u00eda El laboratorio dispone de su propio [&hellip;]<\/p>\n","protected":false},"author":1,"featured_media":0,"parent":0,"menu_order":0,"comment_status":"closed","ping_status":"closed","template":"","meta":{"sfsi_plus_gutenberg_text_before_share":"","sfsi_plus_gutenberg_show_text_before_share":"","sfsi_plus_gutenberg_icon_type":"","sfsi_plus_gutenberg_icon_alignemt":"","sfsi_plus_gutenburg_max_per_row":"","footnotes":""},"yoast_head":"<!-- This site is optimized with the Yoast SEO plugin v15.9.1 - https:\/\/yoast.com\/wordpress\/plugins\/seo\/ -->\n<title>COMO TRABAJAMOS - Laboratorio Dental Felipe Sanz<\/title>\n<link rel=\"canonical\" href=\"http:\/\/www.labfelipesanz.es\/lab\/index.php\/como-trabajamos\/\" \/>\n<meta property=\"og:locale\" content=\"es_ES\" \/>\n<meta property=\"og:type\" content=\"article\" \/>\n<meta property=\"og:title\" content=\"COMO TRABAJAMOS - Laboratorio Dental Felipe Sanz\" \/>\n<meta property=\"og:description\" content=\"\u00a1Enviarnos sus trabajos es m\u00e1s f\u00e1cil que nunca! S\u00f3lo nos tiene que llamar y le daremos acceso a nuestra aplicaci\u00f3n, pudiendo solicitar, comprobar y gestionar todos sus trabajos de una manera inmediata. Tambi\u00e9n puede enviarnos su propia prescripci\u00f3n m\u00e9dica o solicitarnos la nuestra. Protocolo Laboratorio Dental Felipe Sanz Mensajer\u00eda El laboratorio dispone de su propio [&hellip;]\" \/>\n<meta property=\"og:url\" content=\"http:\/\/www.labfelipesanz.es\/lab\/index.php\/como-trabajamos\/\" \/>\n<meta property=\"og:site_name\" content=\"Laboratorio Dental Felipe Sanz\" \/>\n<meta property=\"article:publisher\" content=\"https:\/\/www.facebook.com\/Laboratorio-Dental-Felipe-Sanz-SL-426593971062487\/\" \/>\n<meta property=\"article:modified_time\" content=\"2017-11-28T18:18:27+00:00\" \/>\n<meta property=\"og:image\" content=\"http:\/\/www.labfelipesanz.es\/lab\/wp-content\/uploads\/2017\/11\/proba-300x168.png\" \/>\n<meta name=\"twitter:card\" content=\"summary_large_image\" \/>\n<meta name=\"twitter:label1\" content=\"Tiempo de lectura\">\n\t<meta name=\"twitter:data1\" content=\"1 minuto\">\n<script type=\"application\/ld+json\" class=\"yoast-schema-graph\">{\"@context\":\"https:\/\/schema.org\",\"@graph\":[{\"@type\":\"Organization\",\"@id\":\"http:\/\/www.labfelipesanz.es\/lab\/#organization\",\"name\":\"Laboratorio Dental Felipe Sanz\",\"url\":\"http:\/\/www.labfelipesanz.es\/lab\/\",\"sameAs\":[\"https:\/\/www.facebook.com\/Laboratorio-Dental-Felipe-Sanz-SL-426593971062487\/\",\"http:\/\/www.labfelipesanz.es\/lab\/wp-content\/plugins\/ultimate-social-media-plus\/images\/icons_theme\/cute\/cute_instagram.png\",\"http:\/\/www.labfelipesanz.es\/lab\/wp-content\/plugins\/ultimate-social-media-plus\/images\/icons_theme\/cute\/cute_linkedin.png\",\"https:\/\/www.youtube.com\/channel\/UCB1uAvlmr9z6rxdPNw5Iu9w\"],\"logo\":{\"@type\":\"ImageObject\",\"@id\":\"http:\/\/www.labfelipesanz.es\/lab\/#logo\",\"inLanguage\":\"es\",\"url\":\"http:\/\/www.labfelipesanz.es\/lab\/wp-content\/uploads\/2016\/10\/LOGO_header.jpg\",\"width\":200,\"height\":172,\"caption\":\"Laboratorio Dental Felipe Sanz\"},\"image\":{\"@id\":\"http:\/\/www.labfelipesanz.es\/lab\/#logo\"}},{\"@type\":\"WebSite\",\"@id\":\"http:\/\/www.labfelipesanz.es\/lab\/#website\",\"url\":\"http:\/\/www.labfelipesanz.es\/lab\/\",\"name\":\"Laboratorio Dental Felipe Sanz\",\"description\":\"Portal web del laboratorio dental Felipe Sanz\",\"publisher\":{\"@id\":\"http:\/\/www.labfelipesanz.es\/lab\/#organization\"},\"potentialAction\":[{\"@type\":\"SearchAction\",\"target\":\"http:\/\/www.labfelipesanz.es\/lab\/?s={search_term_string}\",\"query-input\":\"required name=search_term_string\"}],\"inLanguage\":\"es\"},{\"@type\":\"ImageObject\",\"@id\":\"http:\/\/www.labfelipesanz.es\/lab\/index.php\/como-trabajamos\/#primaryimage\",\"inLanguage\":\"es\",\"url\":\"http:\/\/www.labfelipesanz.es\/lab\/wp-content\/uploads\/2017\/11\/proba.png\",\"width\":565,\"height\":317},{\"@type\":\"WebPage\",\"@id\":\"http:\/\/www.labfelipesanz.es\/lab\/index.php\/como-trabajamos\/#webpage\",\"url\":\"http:\/\/www.labfelipesanz.es\/lab\/index.php\/como-trabajamos\/\",\"name\":\"COMO TRABAJAMOS - Laboratorio Dental Felipe Sanz\",\"isPartOf\":{\"@id\":\"http:\/\/www.labfelipesanz.es\/lab\/#website\"},\"primaryImageOfPage\":{\"@id\":\"http:\/\/www.labfelipesanz.es\/lab\/index.php\/como-trabajamos\/#primaryimage\"},\"datePublished\":\"2017-11-23T08:35:07+00:00\",\"dateModified\":\"2017-11-28T18:18:27+00:00\",\"breadcrumb\":{\"@id\":\"http:\/\/www.labfelipesanz.es\/lab\/index.php\/como-trabajamos\/#breadcrumb\"},\"inLanguage\":\"es\",\"potentialAction\":[{\"@type\":\"ReadAction\",\"target\":[\"http:\/\/www.labfelipesanz.es\/lab\/index.php\/como-trabajamos\/\"]}]},{\"@type\":\"BreadcrumbList\",\"@id\":\"http:\/\/www.labfelipesanz.es\/lab\/index.php\/como-trabajamos\/#breadcrumb\",\"itemListElement\":[{\"@type\":\"ListItem\",\"position\":1,\"item\":{\"@type\":\"WebPage\",\"@id\":\"http:\/\/www.labfelipesanz.es\/lab\/\",\"url\":\"http:\/\/www.labfelipesanz.es\/lab\/\",\"name\":\"Portada\"}},{\"@type\":\"ListItem\",\"position\":2,\"item\":{\"@type\":\"WebPage\",\"@id\":\"http:\/\/www.labfelipesanz.es\/lab\/index.php\/como-trabajamos\/\",\"url\":\"http:\/\/www.labfelipesanz.es\/lab\/index.php\/como-trabajamos\/\",\"name\":\"COMO TRABAJAMOS\"}}]}]}<\/script>\n<!-- \/ Yoast SEO plugin. -->","_links":{"self":[{"href":"http:\/\/www.labfelipesanz.es\/lab\/index.php\/wp-json\/wp\/v2\/pages\/236"}],"collection":[{"href":"http:\/\/www.labfelipesanz.es\/lab\/index.php\/wp-json\/wp\/v2\/pages"}],"about":[{"href":"http:\/\/www.labfelipesanz.es\/lab\/index.php\/wp-json\/wp\/v2\/types\/page"}],"author":[{"embeddable":true,"href":"http:\/\/www.labfelipesanz.es\/lab\/index.php\/wp-json\/wp\/v2\/users\/1"}],"replies":[{"embeddable":true,"href":"http:\/\/www.labfelipesanz.es\/lab\/index.php\/wp-json\/wp\/v2\/comments?post=236"}],"version-history":[{"count":8,"href":"http:\/\/www.labfelipesanz.es\/lab\/index.php\/wp-json\/wp\/v2\/pages\/236\/revisions"}],"predecessor-version":[{"id":256,"href":"http:\/\/www.labfelipesanz.es\/lab\/index.php\/wp-json\/wp\/v2\/pages\/236\/revisions\/256"}],"wp:attachment":[{"href":"http:\/\/www.labfelipesanz.es\/lab\/index.php\/wp-json\/wp\/v2\/media?parent=236"}],"curies":[{"name":"wp","href":"https:\/\/api.w.org\/{rel}","templated":true}]}}