{"id":299,"date":"2017-12-04T11:28:30","date_gmt":"2017-12-04T11:28:30","guid":{"rendered":"http:\/\/www.labfelipesanz.es\/lab\/?page_id=299"},"modified":"2017-12-16T12:32:53","modified_gmt":"2017-12-16T12:32:53","slug":"tech","status":"publish","type":"page","link":"http:\/\/www.labfelipesanz.es\/lab\/index.php\/tech\/","title":{"rendered":"TECNOLOG\u00cdA"},"content":{"rendered":"<h3 style=\"text-align: center;\">El futuro esta en la Odontolog\u00eda\u00a0Digital con Impresi\u00f3n 3D<\/h3>\n<p style=\"text-align: justify;\">\u00a0 Las nuevas tecnolog\u00edas y programas inform\u00e1ticos permiten conseguir im\u00e1genes tridimensionales de la boca y las piezas bucales con sumo detalle, para otorgar\u00a0tratamientos\u00a0<strong>simples<\/strong>, <strong>r\u00e1pidos<\/strong> y <strong>econ\u00f3micos<\/strong>.<\/p>\n<p style=\"text-align: justify;\">\u00a0 Procedimientos menos invasivos de gran <strong>calidad<\/strong>\u00a0y\u00a0<strong>seguridad<\/strong>\u00a0proporcionando pr\u00f3tesis\u00a0 mas confortables, con una gran simplicidad en la t\u00e9cnica que permite realizar procedimientos sin dolor, y sobre todo,\u00a0<strong>sin trauma<\/strong> para el paciente.<\/p>\n<p>&nbsp;<\/p>\n<p><iframe loading=\"lazy\"  id=\"_ytid_10197\"  width=\"630\" height=\"354\"  data-origwidth=\"630\" data-origheight=\"354\" src=\"https:\/\/www.youtube.com\/embed\/EdSAo5QKY5o?enablejsapi=1&#038;autoplay=0&#038;cc_load_policy=0&#038;cc_lang_pref=&#038;iv_load_policy=1&#038;loop=0&#038;modestbranding=0&#038;rel=1&#038;fs=1&#038;playsinline=0&#038;autohide=2&#038;theme=dark&#038;color=red&#038;controls=1&#038;\" class=\"__youtube_prefs__  epyt-is-override  no-lazyload\" title=\"YouTube player\"  allow=\"fullscreen; accelerometer; autoplay; clipboard-write; encrypted-media; gyroscope; picture-in-picture\" allowfullscreen data-no-lazy=\"1\" data-skipgform_ajax_framebjll=\"\"><\/iframe><\/p>\n<p>&nbsp;<\/p>\n<p style=\"text-align: justify;\">\u00a0 Otras de las ventajas que nos comentan nuestros clientes son: <strong>no deja restos<\/strong> del material de impresi\u00f3n en cara o labios, posibilidad de env\u00edo de datos al laboratorio de forma inal\u00e1mbrica, <strong>eliminaci\u00f3n los errores <\/strong>en el vaciado, <strong>mejor comunicaci\u00f3n<\/strong> con el paciente, el almacenamiento de los modelos <strong>no ocupa espacio f\u00edsico<\/strong>, evita el extrav\u00edo de modelos, elimina la necesidad de mantener los suministros convencionales y sobre todo mejora de la <strong>productividad y la calidad<\/strong>.<\/p>\n","protected":false},"excerpt":{"rendered":"<p>El futuro esta en la Odontolog\u00eda\u00a0Digital con Impresi\u00f3n 3D \u00a0 Las nuevas tecnolog\u00edas y programas inform\u00e1ticos permiten conseguir im\u00e1genes tridimensionales de la boca y las piezas bucales con sumo detalle, para otorgar\u00a0tratamientos\u00a0simples, r\u00e1pidos y econ\u00f3micos. \u00a0 Procedimientos menos invasivos de gran calidad\u00a0y\u00a0seguridad\u00a0proporcionando pr\u00f3tesis\u00a0 mas confortables, con una gran simplicidad en la t\u00e9cnica que permite realizar [&hellip;]<\/p>\n","protected":false},"author":1,"featured_media":0,"parent":0,"menu_order":0,"comment_status":"closed","ping_status":"closed","template":"","meta":{"sfsi_plus_gutenberg_text_before_share":"","sfsi_plus_gutenberg_show_text_before_share":"","sfsi_plus_gutenberg_icon_type":"","sfsi_plus_gutenberg_icon_alignemt":"","sfsi_plus_gutenburg_max_per_row":"","footnotes":""},"yoast_head":"<!-- This site is optimized with the Yoast SEO plugin v15.9.1 - https:\/\/yoast.com\/wordpress\/plugins\/seo\/ -->\n<title>TECNOLOG\u00cdA - Laboratorio Dental Felipe Sanz<\/title>\n<link rel=\"canonical\" href=\"http:\/\/www.labfelipesanz.es\/lab\/index.php\/tech\/\" \/>\n<meta property=\"og:locale\" content=\"es_ES\" \/>\n<meta property=\"og:type\" content=\"article\" \/>\n<meta property=\"og:title\" content=\"TECNOLOG\u00cdA - Laboratorio Dental Felipe Sanz\" \/>\n<meta property=\"og:description\" content=\"El futuro esta en la Odontolog\u00eda\u00a0Digital con Impresi\u00f3n 3D \u00a0 Las nuevas tecnolog\u00edas y programas inform\u00e1ticos permiten conseguir im\u00e1genes tridimensionales de la boca y las piezas bucales con sumo detalle, para otorgar\u00a0tratamientos\u00a0simples, r\u00e1pidos y econ\u00f3micos. \u00a0 Procedimientos menos invasivos de gran calidad\u00a0y\u00a0seguridad\u00a0proporcionando pr\u00f3tesis\u00a0 mas confortables, con una gran simplicidad en la t\u00e9cnica que permite realizar [&hellip;]\" \/>\n<meta property=\"og:url\" content=\"http:\/\/www.labfelipesanz.es\/lab\/index.php\/tech\/\" \/>\n<meta property=\"og:site_name\" content=\"Laboratorio Dental Felipe Sanz\" \/>\n<meta property=\"article:publisher\" content=\"https:\/\/www.facebook.com\/Laboratorio-Dental-Felipe-Sanz-SL-426593971062487\/\" \/>\n<meta property=\"article:modified_time\" content=\"2017-12-16T12:32:53+00:00\" \/>\n<meta name=\"twitter:card\" content=\"summary_large_image\" \/>\n<meta name=\"twitter:label1\" content=\"Tiempo de lectura\">\n\t<meta name=\"twitter:data1\" content=\"1 minuto\">\n<script type=\"application\/ld+json\" class=\"yoast-schema-graph\">{\"@context\":\"https:\/\/schema.org\",\"@graph\":[{\"@type\":\"Organization\",\"@id\":\"http:\/\/www.labfelipesanz.es\/lab\/#organization\",\"name\":\"Laboratorio Dental Felipe Sanz\",\"url\":\"http:\/\/www.labfelipesanz.es\/lab\/\",\"sameAs\":[\"https:\/\/www.facebook.com\/Laboratorio-Dental-Felipe-Sanz-SL-426593971062487\/\",\"http:\/\/www.labfelipesanz.es\/lab\/wp-content\/plugins\/ultimate-social-media-plus\/images\/icons_theme\/cute\/cute_instagram.png\",\"http:\/\/www.labfelipesanz.es\/lab\/wp-content\/plugins\/ultimate-social-media-plus\/images\/icons_theme\/cute\/cute_linkedin.png\",\"https:\/\/www.youtube.com\/channel\/UCB1uAvlmr9z6rxdPNw5Iu9w\"],\"logo\":{\"@type\":\"ImageObject\",\"@id\":\"http:\/\/www.labfelipesanz.es\/lab\/#logo\",\"inLanguage\":\"es\",\"url\":\"http:\/\/www.labfelipesanz.es\/lab\/wp-content\/uploads\/2016\/10\/LOGO_header.jpg\",\"width\":200,\"height\":172,\"caption\":\"Laboratorio Dental Felipe Sanz\"},\"image\":{\"@id\":\"http:\/\/www.labfelipesanz.es\/lab\/#logo\"}},{\"@type\":\"WebSite\",\"@id\":\"http:\/\/www.labfelipesanz.es\/lab\/#website\",\"url\":\"http:\/\/www.labfelipesanz.es\/lab\/\",\"name\":\"Laboratorio Dental Felipe Sanz\",\"description\":\"Portal web del laboratorio dental Felipe Sanz\",\"publisher\":{\"@id\":\"http:\/\/www.labfelipesanz.es\/lab\/#organization\"},\"potentialAction\":[{\"@type\":\"SearchAction\",\"target\":\"http:\/\/www.labfelipesanz.es\/lab\/?s={search_term_string}\",\"query-input\":\"required name=search_term_string\"}],\"inLanguage\":\"es\"},{\"@type\":\"WebPage\",\"@id\":\"http:\/\/www.labfelipesanz.es\/lab\/index.php\/tech\/#webpage\",\"url\":\"http:\/\/www.labfelipesanz.es\/lab\/index.php\/tech\/\",\"name\":\"TECNOLOG\\u00cdA - Laboratorio Dental Felipe Sanz\",\"isPartOf\":{\"@id\":\"http:\/\/www.labfelipesanz.es\/lab\/#website\"},\"datePublished\":\"2017-12-04T11:28:30+00:00\",\"dateModified\":\"2017-12-16T12:32:53+00:00\",\"breadcrumb\":{\"@id\":\"http:\/\/www.labfelipesanz.es\/lab\/index.php\/tech\/#breadcrumb\"},\"inLanguage\":\"es\",\"potentialAction\":[{\"@type\":\"ReadAction\",\"target\":[\"http:\/\/www.labfelipesanz.es\/lab\/index.php\/tech\/\"]}]},{\"@type\":\"BreadcrumbList\",\"@id\":\"http:\/\/www.labfelipesanz.es\/lab\/index.php\/tech\/#breadcrumb\",\"itemListElement\":[{\"@type\":\"ListItem\",\"position\":1,\"item\":{\"@type\":\"WebPage\",\"@id\":\"http:\/\/www.labfelipesanz.es\/lab\/\",\"url\":\"http:\/\/www.labfelipesanz.es\/lab\/\",\"name\":\"Portada\"}},{\"@type\":\"ListItem\",\"position\":2,\"item\":{\"@type\":\"WebPage\",\"@id\":\"http:\/\/www.labfelipesanz.es\/lab\/index.php\/tech\/\",\"url\":\"http:\/\/www.labfelipesanz.es\/lab\/index.php\/tech\/\",\"name\":\"TECNOLOG\\u00cdA\"}}]}]}<\/script>\n<!-- \/ Yoast SEO plugin. -->","_links":{"self":[{"href":"http:\/\/www.labfelipesanz.es\/lab\/index.php\/wp-json\/wp\/v2\/pages\/299"}],"collection":[{"href":"http:\/\/www.labfelipesanz.es\/lab\/index.php\/wp-json\/wp\/v2\/pages"}],"about":[{"href":"http:\/\/www.labfelipesanz.es\/lab\/index.php\/wp-json\/wp\/v2\/types\/page"}],"author":[{"embeddable":true,"href":"http:\/\/www.labfelipesanz.es\/lab\/index.php\/wp-json\/wp\/v2\/users\/1"}],"replies":[{"embeddable":true,"href":"http:\/\/www.labfelipesanz.es\/lab\/index.php\/wp-json\/wp\/v2\/comments?post=299"}],"version-history":[{"count":10,"href":"http:\/\/www.labfelipesanz.es\/lab\/index.php\/wp-json\/wp\/v2\/pages\/299\/revisions"}],"predecessor-version":[{"id":370,"href":"http:\/\/www.labfelipesanz.es\/lab\/index.php\/wp-json\/wp\/v2\/pages\/299\/revisions\/370"}],"wp:attachment":[{"href":"http:\/\/www.labfelipesanz.es\/lab\/index.php\/wp-json\/wp\/v2\/media?parent=299"}],"curies":[{"name":"wp","href":"https:\/\/api.w.org\/{rel}","templated":true}]}}