{"id":39,"date":"2016-10-26T17:12:55","date_gmt":"2016-10-26T17:12:55","guid":{"rendered":"http:\/\/www.labfelipesanz.es\/lab\/?page_id=39"},"modified":"2024-07-11T08:32:02","modified_gmt":"2024-07-11T08:32:02","slug":"contacto","status":"publish","type":"page","link":"http:\/\/www.labfelipesanz.es\/lab\/index.php\/contacto\/","title":{"rendered":"CONTACTO"},"content":{"rendered":"<p style=\"text-align: left;\"><img loading=\"lazy\" decoding=\"async\" class=\"wp-image-291 alignleft\" src=\"http:\/\/www.labfelipesanz.es\/lab\/wp-content\/uploads\/2017\/11\/confianza-1-300x200.jpg\" alt=\"\" width=\"167\" height=\"111\" srcset=\"http:\/\/www.labfelipesanz.es\/lab\/wp-content\/uploads\/2017\/11\/confianza-1-300x200.jpg 300w, http:\/\/www.labfelipesanz.es\/lab\/wp-content\/uploads\/2017\/11\/confianza-1.jpg 650w\" sizes=\"(max-width: 167px) 100vw, 167px\" \/>\u00a0 \u00a0 \u00a0 \u00a0 \u00a0 \u00a0 \u00a0<em>SU LABORATORIO DE\u00a0 CONFIANZA<\/em><\/p>\n<p style=\"text-align: justify;\">Siempre a la vanguardia de las nuevas tecnolog\u00edas como <strong>Cad Cam 3D Shape, Erkoform 3D, Electrolaser, <\/strong>utilizando<strong>\u00a0<\/strong>los materiales m\u00e1s avanzados y actuales.<\/p>\n<h6><\/h6>\n<h5><em><strong>Protecci\u00f3n de datos personales. <a href=\"http:\/\/www.labfelipesanz.es\/lab\/index.php\/pagina-ejemplo\/\" target=\"_blank\" rel=\"noopener\">+ info<\/a><\/strong><\/em><br \/>\n<em>Responsable del tratamiento: Laboratorio Dental Felipe Sanz, S. L.<\/em><br \/>\n<em>Calle Berenisa 17. 28023 Madrid con NIF B87319802.<\/em><\/h5>\n<h5><em>La finalidad del tratamiento de sus datos es dar respuesta a sus consultas y\/o solicitudes, en base a su<\/em><br \/>\n<em>consentimiento, facilitado al aportar sus datos (art\u00edculo 6.1.a, RGPD)<\/em><br \/>\n<em>Usted puede hacer valer los siguientes derechos sobre sus datos,<\/em><br \/>\n<em>Derecho de informaci\u00f3n, acceso, de rectificaci\u00f3n, de oposici\u00f3n, de supresi\u00f3n (\u00abal olvido\u00bb), de limitaci\u00f3n del tratamiento, de portabilidad, de no ser objeto de decisiones individuales automatizadas.<\/em><br \/>\n<em>Recuerde que ejercitar sus derechos es gratuito. Tambi\u00e9n puede usted presentar una reclamaci\u00f3n ante la<\/em><br \/>\n<em>autoridad de control.<\/em><\/h5>\n<p style=\"text-align: center;\">\n\n<!-- Fast Secure Contact Form plugin 4.0.52 - begin - FastSecureContactForm.com -->\r\n<div style=\"clear:both;\"><\/div>\n<p>Contacte con nosotros online<\/p>\r\n<div id=\"FSContact1\" style=\"width:99%; max-width:555px;\">\r\n<form action=\"http:\/\/www.labfelipesanz.es\/lab\/index.php\/wp-json\/wp\/v2\/pages\/39#FSContact1\" id=\"fscf_form1\" method=\"post\">\r\n<fieldset id=\"fscf_form_fieldset1\" style=\"border:1px solid black; width:99%; max-width:550px; padding:10px;\">\n<legend>Formulario de contacto<\/legend>\n\n<div id=\"fscf_required1\">\n  <span style=\"text-align:left;\">*<\/span> <span style=\"text-align:left;\">denota un campo obligatorio<\/span>\n<\/div>\n\n\n<div id=\"fscf_div_clear1_0\" style=\"clear:both;\">\n  <div id=\"fscf_div_field1_0\" style=\"clear:left; float:left; width:99%; max-width:550px; margin-right:10px;\">\r\n    <div style=\"text-align:left; padding-top:5px;\">\n      <label style=\"display:inline;\" for=\"fscf_name1\">Nombre:<span style=\"text-align:left;\">*<\/span><\/label>\n    <\/div>\r\n    <div style=\"text-align:left;\">\r\n      <input style=\"text-align:left; margin:0; width:99%; max-width:99%;\" type=\"text\" id=\"fscf_name1\" name=\"full_name\" value=\"\"  \/>\r\n    <\/div>\r\n  <\/div>\n<\/div>\n\n<div id=\"fscf_div_clear1_1\" style=\"clear:both;\">\n  <div id=\"fscf_div_field1_1\" style=\"clear:left; float:left; width:99%; max-width:550px; margin-right:10px;\">\n    <div style=\"text-align:left; padding-top:5px;\">\n      <label style=\"display:inline;\" for=\"fscf_email1\">Correo Electr\u00f3nico:<span style=\"text-align:left;\">*<\/span><\/label>\n    <\/div>\n    <div style=\"text-align:left;\">\n      <input style=\"text-align:left; margin:0; width:99%; max-width:99%;\" type=\"text\" id=\"fscf_email1\" name=\"email\" value=\"\"  \/>\n    <\/div>\n  <\/div>\n<\/div>\n\n<div id=\"fscf_div_clear1_2\" style=\"clear:both;\">\n  <div id=\"fscf_div_field1_2\" style=\"clear:left; float:left; width:99%; max-width:550px; margin-right:10px;\">\n    <div style=\"text-align:left; padding-top:5px;\">\n      <label style=\"display:inline;\" for=\"fscf_field1_2\">Tema:<span style=\"text-align:left;\">*<\/span><\/label>\n    <\/div>\n    <div style=\"text-align:left;\">\n      <input style=\"text-align:left; margin:0; width:99%; max-width:99%;\" type=\"text\" id=\"fscf_field1_2\" name=\"subject\" value=\"\"  \/>\n    <\/div>\n  <\/div>\n<\/div>\n\n<div id=\"fscf_div_clear1_3\" style=\"clear:both;\">\n  <div id=\"fscf_div_field1_3\" style=\"clear:left; float:left; width:99%; max-width:550px; margin-right:10px;\">\n    <div style=\"text-align:left; padding-top:5px;\">\n      <label style=\"display:inline;\" for=\"fscf_field1_3\">Mensaje:<span style=\"text-align:left;\">*<\/span><\/label>\n    <\/div>\n    <div style=\"text-align:left;\">\n      <textarea style=\"text-align:left; margin:0; width:99%; max-width:99%; height:120px;\" id=\"fscf_field1_3\" name=\"message\" cols=\"30\" rows=\"10\" ><\/textarea>\n    <\/div>\n  <\/div>\n<\/div>\n\n<div id=\"fscf_div_clear1_4\" style=\"clear:both;\">\n  <div id=\"fscf_div_field1_4\" style=\"clear:left; float:left; width:99%; max-width:550px; margin-right:10px;\">\n    <div  id=\"fscf_label1_4\" style=\"text-align:left; padding-top:5px;\">\n    <\/div>\n    <div style=\"text-align:left;\">\n      <span><input type=\"checkbox\" style=\"width:22px; height:32px;\" id=\"fscf_field1_4\" name=\"Acepto-la-Politica-de-privacidad\" value=\"1\" \/> <label style=\"display:inline;\" for=\"fscf_field1_4\">He leido y acepto la Pol\u00edtica de privacidad.<span style=\"text-align:left;\">*<\/span><\/label><\/span>\n    <\/div>\n  <\/div>\n<\/div>\r\n<div style=\"clear:both;\"><\/div>\n\n<div style=\"text-align:left; padding-top:5px;\">\n<\/div>\n<div id=\"fscf_captcha_image_div1\" style=\"width:250px; height:65px; padding-top:2px;\">\n      <img loading=\"lazy\" decoding=\"async\" id=\"fscf_captcha_image1\" style=\"border-style:none; margin:0; padding:0px; padding-right:5px; float:left;\" src=\"http:\/\/www.labfelipesanz.es\/lab\/wp-content\/plugins\/si-contact-form\/captcha\/securimage_show.php?prefix=NePQel3etFAdtNGN\" width=\"175\" height=\"60\" alt=\"CAPTCHA\" title=\"CAPTCHA\" \/>\n      <input id=\"fscf_captcha_prefix1\" type=\"hidden\" name=\"fscf_captcha_prefix1\" value=\"NePQel3etFAdtNGN\" \/>\n     <div id=\"fscf_captcha_refresh1\">\n        <a href=\"#\" rel=\"nofollow\" title=\"Depurar\" onclick=\"fscf_captcha_refresh('1','\/lab\/wp-content\/plugins\/si-contact-form\/captcha','http:\/\/www.labfelipesanz.es\/lab\/wp-content\/plugins\/si-contact-form\/captcha\/securimage_show.php?prefix='); return false;\">\n        <img loading=\"lazy\" decoding=\"async\" src=\"http:\/\/www.labfelipesanz.es\/lab\/wp-content\/plugins\/si-contact-form\/captcha\/images\/refresh.png\" width=\"22\" height=\"20\" alt=\"Depurar\" style=\"border-style:none; margin:0; padding:0px; vertical-align:bottom;\" onclick=\"this.blur();\" \/><\/a>\r\n     <\/div>\r\n<\/div>\r\n\r\n<div id=\"fscf_captcha_field1\" style=\"text-align:left; padding-top:5px;\">\r\n     <label style=\"display:inline;\" for=\"fscf_captcha_code1\">C\u00f3digo CAPTCHA:<span style=\"text-align:left;\">*<\/span><\/label>\r\n<\/div>\r\n<div style=\"text-align:left;\">\n     <input style=\"text-align:left; margin:0; width:50px;\" type=\"text\" value=\"\" autocomplete=\"off\" id=\"fscf_captcha_code1\" name=\"captcha_code\"  \/>\n<\/div>\n\n<div id=\"fscf_submit_div1\" style=\"text-align:left; clear:both; padding-top:15px;\">\r\n\t\t<input type=\"submit\" id=\"fscf_submit1\" style=\"cursor:pointer; margin:0;font-family:arial;font-size:20px;color:#505050;\" value=\"Enviar\"  onclick=\"this.disabled=true; this.value='Enviando....'; this.form.submit();\" \/> \n<\/div>\n<\/fieldset>\n\n<input type=\"hidden\" name=\"fscf_submitted\" value=\"0\" \/>\n<input type=\"hidden\" name=\"fs_postonce_1\" value=\"0bbe963ee941154145c4703dd8a8bb15,1777551675\" \/>\n<input type=\"hidden\" name=\"si_contact_action\" value=\"send\" \/>\n<input type=\"hidden\" name=\"form_id\" value=\"1\" \/>\n<input type=\"hidden\" name=\"mailto_id\" value=\"1\" \/>\n\n<\/form>\n<\/div>\r\n<div style=\"clear:both;\"><\/div>\n\n<!-- Fast Secure Contact Form plugin 4.0.52 - end - FastSecureContactForm.com -->\n<\/p>\n","protected":false},"excerpt":{"rendered":"<p>\u00a0 \u00a0 \u00a0 \u00a0 \u00a0 \u00a0 \u00a0SU LABORATORIO DE\u00a0 CONFIANZA Siempre a la vanguardia de las nuevas tecnolog\u00edas como Cad Cam 3D Shape, Erkoform 3D, Electrolaser, utilizando\u00a0los materiales m\u00e1s avanzados y actuales. Protecci\u00f3n de datos personales. + info Responsable del tratamiento: Laboratorio Dental Felipe Sanz, S. L. Calle Berenisa 17. 28023 Madrid con NIF B87319802. [&hellip;]<\/p>\n","protected":false},"author":1,"featured_media":0,"parent":0,"menu_order":0,"comment_status":"closed","ping_status":"closed","template":"","meta":{"sfsi_plus_gutenberg_text_before_share":"","sfsi_plus_gutenberg_show_text_before_share":"","sfsi_plus_gutenberg_icon_type":"","sfsi_plus_gutenberg_icon_alignemt":"","sfsi_plus_gutenburg_max_per_row":"","footnotes":""},"yoast_head":"<!-- This site is optimized with the Yoast SEO plugin v15.9.1 - https:\/\/yoast.com\/wordpress\/plugins\/seo\/ -->\n<title>CONTACTO - Laboratorio Dental Felipe Sanz<\/title>\n<link rel=\"canonical\" href=\"http:\/\/www.labfelipesanz.es\/lab\/index.php\/contacto\/\" \/>\n<meta property=\"og:locale\" content=\"es_ES\" \/>\n<meta property=\"og:type\" content=\"article\" \/>\n<meta property=\"og:title\" content=\"CONTACTO - Laboratorio Dental Felipe Sanz\" \/>\n<meta property=\"og:description\" content=\"\u00a0 \u00a0 \u00a0 \u00a0 \u00a0 \u00a0 \u00a0SU LABORATORIO DE\u00a0 CONFIANZA Siempre a la vanguardia de las nuevas tecnolog\u00edas como Cad Cam 3D Shape, Erkoform 3D, Electrolaser, utilizando\u00a0los materiales m\u00e1s avanzados y actuales. Protecci\u00f3n de datos personales. + info Responsable del tratamiento: Laboratorio Dental Felipe Sanz, S. L. Calle Berenisa 17. 28023 Madrid con NIF B87319802. [&hellip;]\" \/>\n<meta property=\"og:url\" content=\"http:\/\/www.labfelipesanz.es\/lab\/index.php\/contacto\/\" \/>\n<meta property=\"og:site_name\" content=\"Laboratorio Dental Felipe Sanz\" \/>\n<meta property=\"article:publisher\" content=\"https:\/\/www.facebook.com\/Laboratorio-Dental-Felipe-Sanz-SL-426593971062487\/\" \/>\n<meta property=\"article:modified_time\" content=\"2024-07-11T08:32:02+00:00\" \/>\n<meta property=\"og:image\" content=\"http:\/\/www.labfelipesanz.es\/lab\/wp-content\/uploads\/2017\/11\/confianza-1-300x200.jpg\" \/>\n<meta name=\"twitter:card\" content=\"summary_large_image\" \/>\n<meta name=\"twitter:label1\" content=\"Tiempo de lectura\">\n\t<meta name=\"twitter:data1\" content=\"1 minuto\">\n<script type=\"application\/ld+json\" class=\"yoast-schema-graph\">{\"@context\":\"https:\/\/schema.org\",\"@graph\":[{\"@type\":\"Organization\",\"@id\":\"http:\/\/www.labfelipesanz.es\/lab\/#organization\",\"name\":\"Laboratorio Dental Felipe Sanz\",\"url\":\"http:\/\/www.labfelipesanz.es\/lab\/\",\"sameAs\":[\"https:\/\/www.facebook.com\/Laboratorio-Dental-Felipe-Sanz-SL-426593971062487\/\",\"http:\/\/www.labfelipesanz.es\/lab\/wp-content\/plugins\/ultimate-social-media-plus\/images\/icons_theme\/cute\/cute_instagram.png\",\"http:\/\/www.labfelipesanz.es\/lab\/wp-content\/plugins\/ultimate-social-media-plus\/images\/icons_theme\/cute\/cute_linkedin.png\",\"https:\/\/www.youtube.com\/channel\/UCB1uAvlmr9z6rxdPNw5Iu9w\"],\"logo\":{\"@type\":\"ImageObject\",\"@id\":\"http:\/\/www.labfelipesanz.es\/lab\/#logo\",\"inLanguage\":\"es\",\"url\":\"http:\/\/www.labfelipesanz.es\/lab\/wp-content\/uploads\/2016\/10\/LOGO_header.jpg\",\"width\":200,\"height\":172,\"caption\":\"Laboratorio Dental Felipe Sanz\"},\"image\":{\"@id\":\"http:\/\/www.labfelipesanz.es\/lab\/#logo\"}},{\"@type\":\"WebSite\",\"@id\":\"http:\/\/www.labfelipesanz.es\/lab\/#website\",\"url\":\"http:\/\/www.labfelipesanz.es\/lab\/\",\"name\":\"Laboratorio Dental Felipe Sanz\",\"description\":\"Portal web del laboratorio dental Felipe Sanz\",\"publisher\":{\"@id\":\"http:\/\/www.labfelipesanz.es\/lab\/#organization\"},\"potentialAction\":[{\"@type\":\"SearchAction\",\"target\":\"http:\/\/www.labfelipesanz.es\/lab\/?s={search_term_string}\",\"query-input\":\"required name=search_term_string\"}],\"inLanguage\":\"es\"},{\"@type\":\"ImageObject\",\"@id\":\"http:\/\/www.labfelipesanz.es\/lab\/index.php\/contacto\/#primaryimage\",\"inLanguage\":\"es\",\"url\":\"http:\/\/www.labfelipesanz.es\/lab\/wp-content\/uploads\/2017\/11\/confianza-1.jpg\",\"width\":650,\"height\":434},{\"@type\":\"WebPage\",\"@id\":\"http:\/\/www.labfelipesanz.es\/lab\/index.php\/contacto\/#webpage\",\"url\":\"http:\/\/www.labfelipesanz.es\/lab\/index.php\/contacto\/\",\"name\":\"CONTACTO - Laboratorio Dental Felipe Sanz\",\"isPartOf\":{\"@id\":\"http:\/\/www.labfelipesanz.es\/lab\/#website\"},\"primaryImageOfPage\":{\"@id\":\"http:\/\/www.labfelipesanz.es\/lab\/index.php\/contacto\/#primaryimage\"},\"datePublished\":\"2016-10-26T17:12:55+00:00\",\"dateModified\":\"2024-07-11T08:32:02+00:00\",\"breadcrumb\":{\"@id\":\"http:\/\/www.labfelipesanz.es\/lab\/index.php\/contacto\/#breadcrumb\"},\"inLanguage\":\"es\",\"potentialAction\":[{\"@type\":\"ReadAction\",\"target\":[\"http:\/\/www.labfelipesanz.es\/lab\/index.php\/contacto\/\"]}]},{\"@type\":\"BreadcrumbList\",\"@id\":\"http:\/\/www.labfelipesanz.es\/lab\/index.php\/contacto\/#breadcrumb\",\"itemListElement\":[{\"@type\":\"ListItem\",\"position\":1,\"item\":{\"@type\":\"WebPage\",\"@id\":\"http:\/\/www.labfelipesanz.es\/lab\/\",\"url\":\"http:\/\/www.labfelipesanz.es\/lab\/\",\"name\":\"Portada\"}},{\"@type\":\"ListItem\",\"position\":2,\"item\":{\"@type\":\"WebPage\",\"@id\":\"http:\/\/www.labfelipesanz.es\/lab\/index.php\/contacto\/\",\"url\":\"http:\/\/www.labfelipesanz.es\/lab\/index.php\/contacto\/\",\"name\":\"CONTACTO\"}}]}]}<\/script>\n<!-- \/ Yoast SEO plugin. -->","_links":{"self":[{"href":"http:\/\/www.labfelipesanz.es\/lab\/index.php\/wp-json\/wp\/v2\/pages\/39"}],"collection":[{"href":"http:\/\/www.labfelipesanz.es\/lab\/index.php\/wp-json\/wp\/v2\/pages"}],"about":[{"href":"http:\/\/www.labfelipesanz.es\/lab\/index.php\/wp-json\/wp\/v2\/types\/page"}],"author":[{"embeddable":true,"href":"http:\/\/www.labfelipesanz.es\/lab\/index.php\/wp-json\/wp\/v2\/users\/1"}],"replies":[{"embeddable":true,"href":"http:\/\/www.labfelipesanz.es\/lab\/index.php\/wp-json\/wp\/v2\/comments?post=39"}],"version-history":[{"count":23,"href":"http:\/\/www.labfelipesanz.es\/lab\/index.php\/wp-json\/wp\/v2\/pages\/39\/revisions"}],"predecessor-version":[{"id":584,"href":"http:\/\/www.labfelipesanz.es\/lab\/index.php\/wp-json\/wp\/v2\/pages\/39\/revisions\/584"}],"wp:attachment":[{"href":"http:\/\/www.labfelipesanz.es\/lab\/index.php\/wp-json\/wp\/v2\/media?parent=39"}],"curies":[{"name":"wp","href":"https:\/\/api.w.org\/{rel}","templated":true}]}}