{"id":400,"date":"2018-01-15T18:35:44","date_gmt":"2018-01-15T18:35:44","guid":{"rendered":"http:\/\/www.labfelipesanz.es\/lab\/?page_id=400"},"modified":"2018-01-17T09:54:22","modified_gmt":"2018-01-17T09:54:22","slug":"avances","status":"publish","type":"page","link":"http:\/\/www.labfelipesanz.es\/lab\/index.php\/avances\/","title":{"rendered":"AVANCES"},"content":{"rendered":"<p style=\"text-align: justify;\">Nuestras nuevas t\u00e9cnicas de las que usted puede beneficiarse:<\/p>\n<p style=\"text-align: justify;\"><strong>Cad Cam<\/strong> es la abreviatura de Computer Aided \u00a0Design y Computer Aided Manufacturing, la equivalencia a la tecnolog\u00eda m\u00e1s novedosa industrial que utiliza\u00a0 sofisticados sistemas inform\u00e1ticos y robots para elaborar productos de alta precisi\u00f3n.<\/p>\n<p><iframe loading=\"lazy\"  id=\"_ytid_32426\"  width=\"630\" height=\"354\"  data-origwidth=\"630\" data-origheight=\"354\" src=\"https:\/\/www.youtube.com\/embed\/yZVB9H5xXE8?enablejsapi=1&#038;autoplay=0&#038;cc_load_policy=0&#038;cc_lang_pref=&#038;iv_load_policy=1&#038;loop=0&#038;modestbranding=0&#038;rel=1&#038;fs=1&#038;playsinline=0&#038;autohide=2&#038;theme=dark&#038;color=red&#038;controls=1&#038;\" class=\"__youtube_prefs__  epyt-is-override  no-lazyload\" title=\"YouTube player\"  allow=\"fullscreen; accelerometer; autoplay; clipboard-write; encrypted-media; gyroscope; picture-in-picture\" allowfullscreen data-no-lazy=\"1\" data-skipgform_ajax_framebjll=\"\"><\/iframe><\/p>\n<p style=\"text-align: justify;\"><strong><em>El laboratorio dental Felipe Sanz S.L.<\/em><\/strong> cuenta ya desde hace a\u00f1os la posibilidad de dise\u00f1ar <em>estructuras dentales complejas<\/em> con un gran alto nivel de <strong>precisi\u00f3n.\u00a0<\/strong><\/p>\n<p style=\"text-align: justify;\"><strong><img loading=\"lazy\" decoding=\"async\" class=\" wp-image-343 alignleft\" src=\"http:\/\/www.labfelipesanz.es\/lab\/wp-content\/uploads\/2017\/12\/IMG_1887-cad-cam--291x300.jpg\" alt=\"\" width=\"277\" height=\"286\" srcset=\"http:\/\/www.labfelipesanz.es\/lab\/wp-content\/uploads\/2017\/12\/IMG_1887-cad-cam--291x300.jpg 291w, http:\/\/www.labfelipesanz.es\/lab\/wp-content\/uploads\/2017\/12\/IMG_1887-cad-cam--768x792.jpg 768w, http:\/\/www.labfelipesanz.es\/lab\/wp-content\/uploads\/2017\/12\/IMG_1887-cad-cam--993x1024.jpg 993w\" sizes=\"(max-width: 277px) 100vw, 277px\" \/>\u00a0<\/strong><\/p>\n<p style=\"text-align: justify;\">Estos sistemas proporcionan <strong>una gran<\/strong>\u00a0<strong>calidad<\/strong> en las estructuras, con una amplia variedad de <strong>soluciones de\u00a0<\/strong><strong>dise\u00f1o <\/strong>gracias\u00a0 a los<strong>\u00a0<\/strong>software actuales.<\/p>\n<p style=\"text-align: justify;\">Nuestros clientes nos solicitan cada vez m\u00e1s la realizaci\u00f3n de estructuras por medio del <strong>sistema Cad cam<\/strong> por la <strong>precisi\u00f3n<\/strong>\u00a0que el sistema conlleva.<\/p>\n","protected":false},"excerpt":{"rendered":"<p>Nuestras nuevas t\u00e9cnicas de las que usted puede beneficiarse: Cad Cam es la abreviatura de Computer Aided \u00a0Design y Computer Aided Manufacturing, la equivalencia a la tecnolog\u00eda m\u00e1s novedosa industrial que utiliza\u00a0 sofisticados sistemas inform\u00e1ticos y robots para elaborar productos de alta precisi\u00f3n. El laboratorio dental Felipe Sanz S.L. cuenta ya desde hace a\u00f1os la [&hellip;]<\/p>\n","protected":false},"author":1,"featured_media":0,"parent":0,"menu_order":0,"comment_status":"closed","ping_status":"closed","template":"","meta":{"sfsi_plus_gutenberg_text_before_share":"","sfsi_plus_gutenberg_show_text_before_share":"","sfsi_plus_gutenberg_icon_type":"","sfsi_plus_gutenberg_icon_alignemt":"","sfsi_plus_gutenburg_max_per_row":"","footnotes":""},"yoast_head":"<!-- This site is optimized with the Yoast SEO plugin v15.9.1 - https:\/\/yoast.com\/wordpress\/plugins\/seo\/ -->\n<title>AVANCES - Laboratorio Dental Felipe Sanz<\/title>\n<link rel=\"canonical\" href=\"http:\/\/www.labfelipesanz.es\/lab\/index.php\/avances\/\" \/>\n<meta property=\"og:locale\" content=\"es_ES\" \/>\n<meta property=\"og:type\" content=\"article\" \/>\n<meta property=\"og:title\" content=\"AVANCES - Laboratorio Dental Felipe Sanz\" \/>\n<meta property=\"og:description\" content=\"Nuestras nuevas t\u00e9cnicas de las que usted puede beneficiarse: Cad Cam es la abreviatura de Computer Aided \u00a0Design y Computer Aided Manufacturing, la equivalencia a la tecnolog\u00eda m\u00e1s novedosa industrial que utiliza\u00a0 sofisticados sistemas inform\u00e1ticos y robots para elaborar productos de alta precisi\u00f3n. El laboratorio dental Felipe Sanz S.L. cuenta ya desde hace a\u00f1os la [&hellip;]\" \/>\n<meta property=\"og:url\" content=\"http:\/\/www.labfelipesanz.es\/lab\/index.php\/avances\/\" \/>\n<meta property=\"og:site_name\" content=\"Laboratorio Dental Felipe Sanz\" \/>\n<meta property=\"article:publisher\" content=\"https:\/\/www.facebook.com\/Laboratorio-Dental-Felipe-Sanz-SL-426593971062487\/\" \/>\n<meta property=\"article:modified_time\" content=\"2018-01-17T09:54:22+00:00\" \/>\n<meta property=\"og:image\" content=\"http:\/\/www.labfelipesanz.es\/lab\/wp-content\/uploads\/2017\/12\/IMG_1887-cad-cam--291x300.jpg\" \/>\n<meta name=\"twitter:card\" content=\"summary_large_image\" \/>\n<meta name=\"twitter:label1\" content=\"Tiempo de lectura\">\n\t<meta name=\"twitter:data1\" content=\"1 minuto\">\n<script type=\"application\/ld+json\" class=\"yoast-schema-graph\">{\"@context\":\"https:\/\/schema.org\",\"@graph\":[{\"@type\":\"Organization\",\"@id\":\"http:\/\/www.labfelipesanz.es\/lab\/#organization\",\"name\":\"Laboratorio Dental Felipe Sanz\",\"url\":\"http:\/\/www.labfelipesanz.es\/lab\/\",\"sameAs\":[\"https:\/\/www.facebook.com\/Laboratorio-Dental-Felipe-Sanz-SL-426593971062487\/\",\"http:\/\/www.labfelipesanz.es\/lab\/wp-content\/plugins\/ultimate-social-media-plus\/images\/icons_theme\/cute\/cute_instagram.png\",\"http:\/\/www.labfelipesanz.es\/lab\/wp-content\/plugins\/ultimate-social-media-plus\/images\/icons_theme\/cute\/cute_linkedin.png\",\"https:\/\/www.youtube.com\/channel\/UCB1uAvlmr9z6rxdPNw5Iu9w\"],\"logo\":{\"@type\":\"ImageObject\",\"@id\":\"http:\/\/www.labfelipesanz.es\/lab\/#logo\",\"inLanguage\":\"es\",\"url\":\"http:\/\/www.labfelipesanz.es\/lab\/wp-content\/uploads\/2016\/10\/LOGO_header.jpg\",\"width\":200,\"height\":172,\"caption\":\"Laboratorio Dental Felipe Sanz\"},\"image\":{\"@id\":\"http:\/\/www.labfelipesanz.es\/lab\/#logo\"}},{\"@type\":\"WebSite\",\"@id\":\"http:\/\/www.labfelipesanz.es\/lab\/#website\",\"url\":\"http:\/\/www.labfelipesanz.es\/lab\/\",\"name\":\"Laboratorio Dental Felipe Sanz\",\"description\":\"Portal web del laboratorio dental Felipe Sanz\",\"publisher\":{\"@id\":\"http:\/\/www.labfelipesanz.es\/lab\/#organization\"},\"potentialAction\":[{\"@type\":\"SearchAction\",\"target\":\"http:\/\/www.labfelipesanz.es\/lab\/?s={search_term_string}\",\"query-input\":\"required name=search_term_string\"}],\"inLanguage\":\"es\"},{\"@type\":\"ImageObject\",\"@id\":\"http:\/\/www.labfelipesanz.es\/lab\/index.php\/avances\/#primaryimage\",\"inLanguage\":\"es\",\"url\":\"http:\/\/www.labfelipesanz.es\/lab\/wp-content\/uploads\/2017\/12\/IMG_1887-cad-cam-.jpg\",\"width\":2304,\"height\":2376},{\"@type\":\"WebPage\",\"@id\":\"http:\/\/www.labfelipesanz.es\/lab\/index.php\/avances\/#webpage\",\"url\":\"http:\/\/www.labfelipesanz.es\/lab\/index.php\/avances\/\",\"name\":\"AVANCES - Laboratorio Dental Felipe Sanz\",\"isPartOf\":{\"@id\":\"http:\/\/www.labfelipesanz.es\/lab\/#website\"},\"primaryImageOfPage\":{\"@id\":\"http:\/\/www.labfelipesanz.es\/lab\/index.php\/avances\/#primaryimage\"},\"datePublished\":\"2018-01-15T18:35:44+00:00\",\"dateModified\":\"2018-01-17T09:54:22+00:00\",\"breadcrumb\":{\"@id\":\"http:\/\/www.labfelipesanz.es\/lab\/index.php\/avances\/#breadcrumb\"},\"inLanguage\":\"es\",\"potentialAction\":[{\"@type\":\"ReadAction\",\"target\":[\"http:\/\/www.labfelipesanz.es\/lab\/index.php\/avances\/\"]}]},{\"@type\":\"BreadcrumbList\",\"@id\":\"http:\/\/www.labfelipesanz.es\/lab\/index.php\/avances\/#breadcrumb\",\"itemListElement\":[{\"@type\":\"ListItem\",\"position\":1,\"item\":{\"@type\":\"WebPage\",\"@id\":\"http:\/\/www.labfelipesanz.es\/lab\/\",\"url\":\"http:\/\/www.labfelipesanz.es\/lab\/\",\"name\":\"Portada\"}},{\"@type\":\"ListItem\",\"position\":2,\"item\":{\"@type\":\"WebPage\",\"@id\":\"http:\/\/www.labfelipesanz.es\/lab\/index.php\/avances\/\",\"url\":\"http:\/\/www.labfelipesanz.es\/lab\/index.php\/avances\/\",\"name\":\"AVANCES\"}}]}]}<\/script>\n<!-- \/ Yoast SEO plugin. -->","_links":{"self":[{"href":"http:\/\/www.labfelipesanz.es\/lab\/index.php\/wp-json\/wp\/v2\/pages\/400"}],"collection":[{"href":"http:\/\/www.labfelipesanz.es\/lab\/index.php\/wp-json\/wp\/v2\/pages"}],"about":[{"href":"http:\/\/www.labfelipesanz.es\/lab\/index.php\/wp-json\/wp\/v2\/types\/page"}],"author":[{"embeddable":true,"href":"http:\/\/www.labfelipesanz.es\/lab\/index.php\/wp-json\/wp\/v2\/users\/1"}],"replies":[{"embeddable":true,"href":"http:\/\/www.labfelipesanz.es\/lab\/index.php\/wp-json\/wp\/v2\/comments?post=400"}],"version-history":[{"count":5,"href":"http:\/\/www.labfelipesanz.es\/lab\/index.php\/wp-json\/wp\/v2\/pages\/400\/revisions"}],"predecessor-version":[{"id":432,"href":"http:\/\/www.labfelipesanz.es\/lab\/index.php\/wp-json\/wp\/v2\/pages\/400\/revisions\/432"}],"wp:attachment":[{"href":"http:\/\/www.labfelipesanz.es\/lab\/index.php\/wp-json\/wp\/v2\/media?parent=400"}],"curies":[{"name":"wp","href":"https:\/\/api.w.org\/{rel}","templated":true}]}}