{"id":42,"date":"2016-10-31T07:55:05","date_gmt":"2016-10-31T07:55:05","guid":{"rendered":"http:\/\/www.labfelipesanz.es\/lab\/?page_id=42"},"modified":"2018-01-17T09:07:46","modified_gmt":"2018-01-17T09:07:46","slug":"sobre-nosotros","status":"publish","type":"page","link":"http:\/\/www.labfelipesanz.es\/lab\/index.php\/sobre-nosotros\/","title":{"rendered":"SOBRE NOSOTROS"},"content":{"rendered":"<div style=\"color: #212121; text-transform: none; text-indent: 0px; letter-spacing: normal; font-family: wf_segoe-ui_normal, 'Segoe UI', 'Segoe WP', Tahoma, Arial, sans-serif; font-size: 15px; font-style: normal; font-weight: normal; word-spacing: 0px; white-space: normal; orphans: 2; widows: 2; background-color: #ffffff; font-variant-ligatures: normal; font-variant-caps: normal; -webkit-text-stroke-width: 0px; text-align: left;\">\n<p><strong><strong><img loading=\"lazy\" decoding=\"async\" class=\"wp-image-201 alignleft\" src=\"http:\/\/www.labfelipesanz.es\/lab\/wp-content\/uploads\/2016\/10\/JLL1350-web-logo-300x200.jpg\" alt=\"\" width=\"165\" height=\"110\" srcset=\"http:\/\/www.labfelipesanz.es\/lab\/wp-content\/uploads\/2016\/10\/JLL1350-web-logo-300x200.jpg 300w, http:\/\/www.labfelipesanz.es\/lab\/wp-content\/uploads\/2016\/10\/JLL1350-web-logo-768x512.jpg 768w, http:\/\/www.labfelipesanz.es\/lab\/wp-content\/uploads\/2016\/10\/JLL1350-web-logo-1024x683.jpg 1024w\" sizes=\"(max-width: 165px) 100vw, 165px\" \/><\/strong><\/strong><\/p>\n<div><\/div>\n<div><strong>Felipe Sanz Sanz<\/strong> (Madrid 1947) comenz\u00f3 su carrera profesional a los 14 a\u00f1os de la mano de su padrino, dando un paso adelante en 1981 al crear su propio laboratorio con \u00a0una larga y exitosa trayectoria.<\/div>\n<div><\/div>\n<\/div>\n<div><\/div>\n<div style=\"text-align: justify; color: #212121; text-transform: none; text-indent: 0px; letter-spacing: normal; font-family: wf_segoe-ui_normal,'Segoe UI','Segoe WP',Tahoma,Arial,sans-serif; font-size: 15px; font-style: normal; font-weight: normal; word-spacing: 0px; white-space: normal; orphans: 2; widows: 2; background-color: #ffffff;\"><strong>Sergio Sanz Arag\u00f3n<\/strong> empez\u00f3 a trabajar en 1994 en el laboratorio <img loading=\"lazy\" decoding=\"async\" class=\" wp-image-223 alignright\" src=\"http:\/\/www.labfelipesanz.es\/lab\/wp-content\/uploads\/2016\/10\/DSC_0840-con-logo-sergio-y-felipe-300x222.jpg\" alt=\"\" width=\"227\" height=\"168\" srcset=\"http:\/\/www.labfelipesanz.es\/lab\/wp-content\/uploads\/2016\/10\/DSC_0840-con-logo-sergio-y-felipe-300x222.jpg 300w, http:\/\/www.labfelipesanz.es\/lab\/wp-content\/uploads\/2016\/10\/DSC_0840-con-logo-sergio-y-felipe-768x569.jpg 768w, http:\/\/www.labfelipesanz.es\/lab\/wp-content\/uploads\/2016\/10\/DSC_0840-con-logo-sergio-y-felipe-1024x759.jpg 1024w\" sizes=\"(max-width: 227px) 100vw, 227px\" \/>de su padre tras\u00a0cursar estudios en la escuela de Protesis dental Opesa. Tras a\u00f1os de experiencia\u00a0trabajando y realizando diferentes cursos de estratificaci\u00f3n de cer\u00e1mica, composites tanto en Espa\u00f1a como en el extranjero decide\u00a0realizar el relevo generacional a su padre en el a\u00f1o 2015, aprovechando la jubilaci\u00f3n del mismo.<\/div>\n<div style=\"text-align: justify; color: #212121; text-transform: none; text-indent: 0px; letter-spacing: normal; font-family: wf_segoe-ui_normal,'Segoe UI','Segoe WP',Tahoma,Arial,sans-serif; font-size: 15px; font-style: normal; font-weight: normal; word-spacing: 0px; white-space: normal; orphans: 2; widows: 2; background-color: #ffffff;\"><\/div>\n<div style=\"color: #212121; text-transform: none; text-indent: 0px; letter-spacing: normal; font-family: wf_segoe-ui_normal, 'Segoe UI', 'Segoe WP', Tahoma, Arial, sans-serif; font-size: 15px; font-style: normal; font-weight: normal; word-spacing: 0px; white-space: normal; orphans: 2; widows: 2; background-color: #ffffff; text-align: justify;\">Con muchas ganas de seguir desarrollando su carrera profesional nace el Laboratorio Dental Felipe Sanz S.L. sin perder lo que m\u00e1s ha caracterizado durante a\u00f1os al laboratorio: \u00abtrato directo y cercano con los profesionales con la mejor calidad y en el menor tiempo posible\u00bb.<\/div>\n<div style=\"text-align: justify;\"><\/div>\n<div style=\"text-align: justify; color: #212121; text-transform: none; text-indent: 0px; letter-spacing: normal; font-family: wf_segoe-ui_normal,'Segoe UI','Segoe WP',Tahoma,Arial,sans-serif; font-size: 15px; font-style: normal; font-weight: normal; word-spacing: 0px; white-space: normal; orphans: 2; widows: 2; background-color: #ffffff;\">Pertenecemos al <strong>club tecnol\u00f3gico dental<\/strong> desde el a\u00f1o 2000 como <strong>socios fundadores<\/strong>.<\/div>\n<div><\/div>\n<p><img loading=\"lazy\" decoding=\"async\" class=\" wp-image-226 aligncenter\" src=\"http:\/\/www.labfelipesanz.es\/lab\/wp-content\/uploads\/2016\/10\/JLL1367-logo-plantilla-buena-300x200.jpg\" alt=\"\" width=\"303\" height=\"202\" srcset=\"http:\/\/www.labfelipesanz.es\/lab\/wp-content\/uploads\/2016\/10\/JLL1367-logo-plantilla-buena-300x200.jpg 300w, http:\/\/www.labfelipesanz.es\/lab\/wp-content\/uploads\/2016\/10\/JLL1367-logo-plantilla-buena-768x512.jpg 768w, http:\/\/www.labfelipesanz.es\/lab\/wp-content\/uploads\/2016\/10\/JLL1367-logo-plantilla-buena-1024x683.jpg 1024w\" sizes=\"(max-width: 303px) 100vw, 303px\" \/><\/p>\n<p style=\"text-align: center;\"><em>Nuestra plantilla<\/em><\/p>\n","protected":false},"excerpt":{"rendered":"<p>Felipe Sanz Sanz (Madrid 1947) comenz\u00f3 su carrera profesional a los 14 a\u00f1os de la mano de su padrino, dando un paso adelante en 1981 al crear su propio laboratorio con \u00a0una larga y exitosa trayectoria. Sergio Sanz Arag\u00f3n empez\u00f3 a trabajar en 1994 en el laboratorio de su padre tras\u00a0cursar estudios en la escuela [&hellip;]<\/p>\n","protected":false},"author":1,"featured_media":0,"parent":0,"menu_order":0,"comment_status":"closed","ping_status":"closed","template":"","meta":{"sfsi_plus_gutenberg_text_before_share":"","sfsi_plus_gutenberg_show_text_before_share":"","sfsi_plus_gutenberg_icon_type":"","sfsi_plus_gutenberg_icon_alignemt":"","sfsi_plus_gutenburg_max_per_row":"","footnotes":""},"yoast_head":"<!-- This site is optimized with the Yoast SEO plugin v15.9.1 - https:\/\/yoast.com\/wordpress\/plugins\/seo\/ -->\n<title>SOBRE NOSOTROS - Laboratorio Dental Felipe Sanz<\/title>\n<link rel=\"canonical\" href=\"http:\/\/www.labfelipesanz.es\/lab\/index.php\/sobre-nosotros\/\" \/>\n<meta property=\"og:locale\" content=\"es_ES\" \/>\n<meta property=\"og:type\" content=\"article\" \/>\n<meta property=\"og:title\" content=\"SOBRE NOSOTROS - Laboratorio Dental Felipe Sanz\" \/>\n<meta property=\"og:description\" content=\"Felipe Sanz Sanz (Madrid 1947) comenz\u00f3 su carrera profesional a los 14 a\u00f1os de la mano de su padrino, dando un paso adelante en 1981 al crear su propio laboratorio con \u00a0una larga y exitosa trayectoria. Sergio Sanz Arag\u00f3n empez\u00f3 a trabajar en 1994 en el laboratorio de su padre tras\u00a0cursar estudios en la escuela [&hellip;]\" \/>\n<meta property=\"og:url\" content=\"http:\/\/www.labfelipesanz.es\/lab\/index.php\/sobre-nosotros\/\" \/>\n<meta property=\"og:site_name\" content=\"Laboratorio Dental Felipe Sanz\" \/>\n<meta property=\"article:publisher\" content=\"https:\/\/www.facebook.com\/Laboratorio-Dental-Felipe-Sanz-SL-426593971062487\/\" \/>\n<meta property=\"article:modified_time\" content=\"2018-01-17T09:07:46+00:00\" \/>\n<meta property=\"og:image\" content=\"http:\/\/www.labfelipesanz.es\/lab\/wp-content\/uploads\/2016\/10\/JLL1350-web-logo-300x200.jpg\" \/>\n<meta name=\"twitter:card\" content=\"summary_large_image\" \/>\n<meta name=\"twitter:label1\" content=\"Tiempo de lectura\">\n\t<meta name=\"twitter:data1\" content=\"1 minuto\">\n<script type=\"application\/ld+json\" class=\"yoast-schema-graph\">{\"@context\":\"https:\/\/schema.org\",\"@graph\":[{\"@type\":\"Organization\",\"@id\":\"http:\/\/www.labfelipesanz.es\/lab\/#organization\",\"name\":\"Laboratorio Dental Felipe Sanz\",\"url\":\"http:\/\/www.labfelipesanz.es\/lab\/\",\"sameAs\":[\"https:\/\/www.facebook.com\/Laboratorio-Dental-Felipe-Sanz-SL-426593971062487\/\",\"http:\/\/www.labfelipesanz.es\/lab\/wp-content\/plugins\/ultimate-social-media-plus\/images\/icons_theme\/cute\/cute_instagram.png\",\"http:\/\/www.labfelipesanz.es\/lab\/wp-content\/plugins\/ultimate-social-media-plus\/images\/icons_theme\/cute\/cute_linkedin.png\",\"https:\/\/www.youtube.com\/channel\/UCB1uAvlmr9z6rxdPNw5Iu9w\"],\"logo\":{\"@type\":\"ImageObject\",\"@id\":\"http:\/\/www.labfelipesanz.es\/lab\/#logo\",\"inLanguage\":\"es\",\"url\":\"http:\/\/www.labfelipesanz.es\/lab\/wp-content\/uploads\/2016\/10\/LOGO_header.jpg\",\"width\":200,\"height\":172,\"caption\":\"Laboratorio Dental Felipe Sanz\"},\"image\":{\"@id\":\"http:\/\/www.labfelipesanz.es\/lab\/#logo\"}},{\"@type\":\"WebSite\",\"@id\":\"http:\/\/www.labfelipesanz.es\/lab\/#website\",\"url\":\"http:\/\/www.labfelipesanz.es\/lab\/\",\"name\":\"Laboratorio Dental Felipe Sanz\",\"description\":\"Portal web del laboratorio dental Felipe Sanz\",\"publisher\":{\"@id\":\"http:\/\/www.labfelipesanz.es\/lab\/#organization\"},\"potentialAction\":[{\"@type\":\"SearchAction\",\"target\":\"http:\/\/www.labfelipesanz.es\/lab\/?s={search_term_string}\",\"query-input\":\"required name=search_term_string\"}],\"inLanguage\":\"es\"},{\"@type\":\"ImageObject\",\"@id\":\"http:\/\/www.labfelipesanz.es\/lab\/index.php\/sobre-nosotros\/#primaryimage\",\"inLanguage\":\"es\",\"url\":\"http:\/\/www.labfelipesanz.es\/lab\/wp-content\/uploads\/2016\/10\/JLL1350-web-logo.jpg\",\"width\":6000,\"height\":4000},{\"@type\":\"WebPage\",\"@id\":\"http:\/\/www.labfelipesanz.es\/lab\/index.php\/sobre-nosotros\/#webpage\",\"url\":\"http:\/\/www.labfelipesanz.es\/lab\/index.php\/sobre-nosotros\/\",\"name\":\"SOBRE NOSOTROS - Laboratorio Dental Felipe Sanz\",\"isPartOf\":{\"@id\":\"http:\/\/www.labfelipesanz.es\/lab\/#website\"},\"primaryImageOfPage\":{\"@id\":\"http:\/\/www.labfelipesanz.es\/lab\/index.php\/sobre-nosotros\/#primaryimage\"},\"datePublished\":\"2016-10-31T07:55:05+00:00\",\"dateModified\":\"2018-01-17T09:07:46+00:00\",\"breadcrumb\":{\"@id\":\"http:\/\/www.labfelipesanz.es\/lab\/index.php\/sobre-nosotros\/#breadcrumb\"},\"inLanguage\":\"es\",\"potentialAction\":[{\"@type\":\"ReadAction\",\"target\":[\"http:\/\/www.labfelipesanz.es\/lab\/index.php\/sobre-nosotros\/\"]}]},{\"@type\":\"BreadcrumbList\",\"@id\":\"http:\/\/www.labfelipesanz.es\/lab\/index.php\/sobre-nosotros\/#breadcrumb\",\"itemListElement\":[{\"@type\":\"ListItem\",\"position\":1,\"item\":{\"@type\":\"WebPage\",\"@id\":\"http:\/\/www.labfelipesanz.es\/lab\/\",\"url\":\"http:\/\/www.labfelipesanz.es\/lab\/\",\"name\":\"Portada\"}},{\"@type\":\"ListItem\",\"position\":2,\"item\":{\"@type\":\"WebPage\",\"@id\":\"http:\/\/www.labfelipesanz.es\/lab\/index.php\/sobre-nosotros\/\",\"url\":\"http:\/\/www.labfelipesanz.es\/lab\/index.php\/sobre-nosotros\/\",\"name\":\"SOBRE NOSOTROS\"}}]}]}<\/script>\n<!-- \/ Yoast SEO plugin. -->","_links":{"self":[{"href":"http:\/\/www.labfelipesanz.es\/lab\/index.php\/wp-json\/wp\/v2\/pages\/42"}],"collection":[{"href":"http:\/\/www.labfelipesanz.es\/lab\/index.php\/wp-json\/wp\/v2\/pages"}],"about":[{"href":"http:\/\/www.labfelipesanz.es\/lab\/index.php\/wp-json\/wp\/v2\/types\/page"}],"author":[{"embeddable":true,"href":"http:\/\/www.labfelipesanz.es\/lab\/index.php\/wp-json\/wp\/v2\/users\/1"}],"replies":[{"embeddable":true,"href":"http:\/\/www.labfelipesanz.es\/lab\/index.php\/wp-json\/wp\/v2\/comments?post=42"}],"version-history":[{"count":22,"href":"http:\/\/www.labfelipesanz.es\/lab\/index.php\/wp-json\/wp\/v2\/pages\/42\/revisions"}],"predecessor-version":[{"id":441,"href":"http:\/\/www.labfelipesanz.es\/lab\/index.php\/wp-json\/wp\/v2\/pages\/42\/revisions\/441"}],"wp:attachment":[{"href":"http:\/\/www.labfelipesanz.es\/lab\/index.php\/wp-json\/wp\/v2\/media?parent=42"}],"curies":[{"name":"wp","href":"https:\/\/api.w.org\/{rel}","templated":true}]}}