{"id":486,"date":"2019-01-31T18:02:23","date_gmt":"2019-01-31T18:02:23","guid":{"rendered":"http:\/\/www.labfelipesanz.es\/lab\/?page_id=486"},"modified":"2024-07-11T08:33:32","modified_gmt":"2024-07-11T08:33:32","slug":"politica-de-cookies","status":"publish","type":"page","link":"http:\/\/www.labfelipesanz.es\/lab\/index.php\/politica-de-cookies\/","title":{"rendered":"Politica De Cookies"},"content":{"rendered":"\n<p>Esta web no recoge informaci\u00f3n personal de los usuarios a trav\u00e9s de cookies. \u00danicamente se utilizan cookies propias, necesarias, o de sesi\u00f3n con finalidad t\u00e9cnica (aquellas que permiten al usuario la navegaci\u00f3n a trav\u00e9s del sitio web y la utilizaci\u00f3n de las diferentes opciones y servicios que en ella existen). El usuario tambi\u00e9n ha quedado informado de las cookies que utiliza esta web mediante el banner aparecido en la pantalla de inicio, durante la primera navegaci\u00f3n por este sitio web.<br>Una cookie es una peque\u00f1a pieza de informaci\u00f3n, usualmente de pocos kilobytes a varios megabytes de tama\u00f1o, que queda almacenada en su terminal cuando visita un sitio web. Las cookies pueden ser propias o de terceros. En cuanto a su duraci\u00f3n, pueden permanecer activadas desde unos minutos a varios a\u00f1os, o solo durante la sesi\u00f3n.<br>Las cookies pueden tener muchas finalidades y algunas agrupan varias. Cuando indicamos que este sitio web solo hace uso de cookies t\u00e9cnicas, son \u00fanicamente aquellas cookies que son necesarias para el correcto funcionamiento del sitio web, siendo obligatorio recabar el consentimiento sobre el resto de las cookies con distinta finalidad. Dependiendo de su finalidad podemos distinguir,<br>\u2022 Cookies t\u00e9cnicas &#8211; Permiten la navegaci\u00f3n por el sitio web y sus aplicaciones o servicios.<\/p>\n\n\n\n<p>\u2022 Cookies de preferencias &#8211; Recuerdan sus preferencias para mejorar la experiencia.<\/p>\n\n\n\n<p>\u2022 Cookies de an\u00e1lisis o medici\u00f3n &#8211; Analizan su comportamiento y establecen la medici\u00f3n de la actividad del sitio web y su impacto<\/p>\n\n\n\n<p>\u2022 Cookies de publicidad &#8211; Observan y recuerdan sus h\u00e1bitos para crear un perfil espec\u00edfico de publicidad<\/p>\n\n\n\n<p>Esta web puede contener enlaces a sitios web de terceros, cuyas pol\u00edticas de privacidad son ajenas a la de este web. Al acceder a tales sitios web usted puede decidir si acepta sus pol\u00edticas de privacidad y de cookies.<\/p>\n\n\n\n<p>Adem\u00e1s si Vd. lo desea, puede gestionar las cookies tambi\u00e9n a trav\u00e9s de su navegador. La mayor\u00eda de los navegadores est\u00e1n configurados de forma predeterminada para aceptar cookies, pero puede cambiar la configuraci\u00f3n para bloquear, borrar y gestionar algunas o todas las cookies, si lo prefiere. Tenga en cuenta los posibles cambios que se pueden producir al borrar o bloquear las cookies.<br>Chrome:<br><a href=\"https:\/\/support.google.com\/chrome\/answer\/95647?hl=es\" target=\"_blank\" rel=\"noreferrer noopener\">https:\/\/support.google.com\/chrome\/answer\/95647?hl=es<\/a><br>Explorer:<br><a href=\"https:\/\/support.microsoft.com\/es-es\/topic\/eliminar-y-administrar-cookies-168dab11-0753-043d-7c16-ede5947fc64d\" target=\"_blank\" rel=\"noreferrer noopener\">https:\/\/support.microsoft.com\/es-es\/topic\/eliminar-y-administrar-cookies-168dab11-0753-043d-7c16-ede5947fc64d<\/a><br>Edge:<br><a href=\"https:\/\/support.microsoft.com\/es-es\/microsoft-edge\/eliminar-las-cookies-en-microsoft-edge-63947406-40ac-c3b8-57b9-2a946a29ae09\" target=\"_blank\" rel=\"noreferrer noopener\">https:\/\/support.microsoft.com\/es-es\/microsoft-edge\/eliminar-las-cookies-en-microsoft-edge-63947406-40ac-c3b8-57b9-2a946a29ae09<\/a><br>Safari:<br>Ipad, Iphone, Ipod Touch<br><a href=\"https:\/\/support.apple.com\/es-es\/HT201265\" target=\"_blank\" rel=\"noreferrer noopener\">https:\/\/support.apple.com\/es-es\/HT201265<\/a><br>Mac &#8211; Preferencias, Panel de privacidad<br>Firefox:<br><a href=\"https:\/\/support.mozilla.org\/es\/kb\/Borrar%20cookies\" target=\"_blank\" rel=\"noreferrer noopener\">https:\/\/support.mozilla.org\/es\/kb\/Borrar%20cookies<\/a><\/p>\n","protected":false},"excerpt":{"rendered":"<p>Esta web no recoge informaci\u00f3n personal de los usuarios a trav\u00e9s de cookies. \u00danicamente se utilizan cookies propias, necesarias, o de sesi\u00f3n con finalidad t\u00e9cnica (aquellas que permiten al usuario la navegaci\u00f3n a trav\u00e9s del sitio web y la utilizaci\u00f3n de las diferentes opciones y servicios que en ella existen). El usuario tambi\u00e9n ha quedado [&hellip;]<\/p>\n","protected":false},"author":1,"featured_media":0,"parent":0,"menu_order":0,"comment_status":"closed","ping_status":"closed","template":"","meta":{"sfsi_plus_gutenberg_text_before_share":"","sfsi_plus_gutenberg_show_text_before_share":"","sfsi_plus_gutenberg_icon_type":"","sfsi_plus_gutenberg_icon_alignemt":"","sfsi_plus_gutenburg_max_per_row":"","footnotes":""},"yoast_head":"<!-- This site is optimized with the Yoast SEO plugin v15.9.1 - https:\/\/yoast.com\/wordpress\/plugins\/seo\/ -->\n<title>Politica De Cookies - Laboratorio Dental Felipe Sanz<\/title>\n<link rel=\"canonical\" href=\"http:\/\/www.labfelipesanz.es\/lab\/index.php\/politica-de-cookies\/\" \/>\n<meta property=\"og:locale\" content=\"es_ES\" \/>\n<meta property=\"og:type\" content=\"article\" \/>\n<meta property=\"og:title\" content=\"Politica De Cookies - Laboratorio Dental Felipe Sanz\" \/>\n<meta property=\"og:description\" content=\"Esta web no recoge informaci\u00f3n personal de los usuarios a trav\u00e9s de cookies. \u00danicamente se utilizan cookies propias, necesarias, o de sesi\u00f3n con finalidad t\u00e9cnica (aquellas que permiten al usuario la navegaci\u00f3n a trav\u00e9s del sitio web y la utilizaci\u00f3n de las diferentes opciones y servicios que en ella existen). El usuario tambi\u00e9n ha quedado [&hellip;]\" \/>\n<meta property=\"og:url\" content=\"http:\/\/www.labfelipesanz.es\/lab\/index.php\/politica-de-cookies\/\" \/>\n<meta property=\"og:site_name\" content=\"Laboratorio Dental Felipe Sanz\" \/>\n<meta property=\"article:publisher\" content=\"https:\/\/www.facebook.com\/Laboratorio-Dental-Felipe-Sanz-SL-426593971062487\/\" \/>\n<meta property=\"article:modified_time\" content=\"2024-07-11T08:33:32+00:00\" \/>\n<meta name=\"twitter:card\" content=\"summary_large_image\" \/>\n<meta name=\"twitter:label1\" content=\"Tiempo de lectura\">\n\t<meta name=\"twitter:data1\" content=\"2 minutos\">\n<script type=\"application\/ld+json\" class=\"yoast-schema-graph\">{\"@context\":\"https:\/\/schema.org\",\"@graph\":[{\"@type\":\"Organization\",\"@id\":\"http:\/\/www.labfelipesanz.es\/lab\/#organization\",\"name\":\"Laboratorio Dental Felipe Sanz\",\"url\":\"http:\/\/www.labfelipesanz.es\/lab\/\",\"sameAs\":[\"https:\/\/www.facebook.com\/Laboratorio-Dental-Felipe-Sanz-SL-426593971062487\/\",\"http:\/\/www.labfelipesanz.es\/lab\/wp-content\/plugins\/ultimate-social-media-plus\/images\/icons_theme\/cute\/cute_instagram.png\",\"http:\/\/www.labfelipesanz.es\/lab\/wp-content\/plugins\/ultimate-social-media-plus\/images\/icons_theme\/cute\/cute_linkedin.png\",\"https:\/\/www.youtube.com\/channel\/UCB1uAvlmr9z6rxdPNw5Iu9w\"],\"logo\":{\"@type\":\"ImageObject\",\"@id\":\"http:\/\/www.labfelipesanz.es\/lab\/#logo\",\"inLanguage\":\"es\",\"url\":\"http:\/\/www.labfelipesanz.es\/lab\/wp-content\/uploads\/2016\/10\/LOGO_header.jpg\",\"width\":200,\"height\":172,\"caption\":\"Laboratorio Dental Felipe Sanz\"},\"image\":{\"@id\":\"http:\/\/www.labfelipesanz.es\/lab\/#logo\"}},{\"@type\":\"WebSite\",\"@id\":\"http:\/\/www.labfelipesanz.es\/lab\/#website\",\"url\":\"http:\/\/www.labfelipesanz.es\/lab\/\",\"name\":\"Laboratorio Dental Felipe Sanz\",\"description\":\"Portal web del laboratorio dental Felipe Sanz\",\"publisher\":{\"@id\":\"http:\/\/www.labfelipesanz.es\/lab\/#organization\"},\"potentialAction\":[{\"@type\":\"SearchAction\",\"target\":\"http:\/\/www.labfelipesanz.es\/lab\/?s={search_term_string}\",\"query-input\":\"required name=search_term_string\"}],\"inLanguage\":\"es\"},{\"@type\":\"WebPage\",\"@id\":\"http:\/\/www.labfelipesanz.es\/lab\/index.php\/politica-de-cookies\/#webpage\",\"url\":\"http:\/\/www.labfelipesanz.es\/lab\/index.php\/politica-de-cookies\/\",\"name\":\"Politica De Cookies - Laboratorio Dental Felipe Sanz\",\"isPartOf\":{\"@id\":\"http:\/\/www.labfelipesanz.es\/lab\/#website\"},\"datePublished\":\"2019-01-31T18:02:23+00:00\",\"dateModified\":\"2024-07-11T08:33:32+00:00\",\"breadcrumb\":{\"@id\":\"http:\/\/www.labfelipesanz.es\/lab\/index.php\/politica-de-cookies\/#breadcrumb\"},\"inLanguage\":\"es\",\"potentialAction\":[{\"@type\":\"ReadAction\",\"target\":[\"http:\/\/www.labfelipesanz.es\/lab\/index.php\/politica-de-cookies\/\"]}]},{\"@type\":\"BreadcrumbList\",\"@id\":\"http:\/\/www.labfelipesanz.es\/lab\/index.php\/politica-de-cookies\/#breadcrumb\",\"itemListElement\":[{\"@type\":\"ListItem\",\"position\":1,\"item\":{\"@type\":\"WebPage\",\"@id\":\"http:\/\/www.labfelipesanz.es\/lab\/\",\"url\":\"http:\/\/www.labfelipesanz.es\/lab\/\",\"name\":\"Portada\"}},{\"@type\":\"ListItem\",\"position\":2,\"item\":{\"@type\":\"WebPage\",\"@id\":\"http:\/\/www.labfelipesanz.es\/lab\/index.php\/politica-de-cookies\/\",\"url\":\"http:\/\/www.labfelipesanz.es\/lab\/index.php\/politica-de-cookies\/\",\"name\":\"Politica De Cookies\"}}]}]}<\/script>\n<!-- \/ Yoast SEO plugin. -->","_links":{"self":[{"href":"http:\/\/www.labfelipesanz.es\/lab\/index.php\/wp-json\/wp\/v2\/pages\/486"}],"collection":[{"href":"http:\/\/www.labfelipesanz.es\/lab\/index.php\/wp-json\/wp\/v2\/pages"}],"about":[{"href":"http:\/\/www.labfelipesanz.es\/lab\/index.php\/wp-json\/wp\/v2\/types\/page"}],"author":[{"embeddable":true,"href":"http:\/\/www.labfelipesanz.es\/lab\/index.php\/wp-json\/wp\/v2\/users\/1"}],"replies":[{"embeddable":true,"href":"http:\/\/www.labfelipesanz.es\/lab\/index.php\/wp-json\/wp\/v2\/comments?post=486"}],"version-history":[{"count":6,"href":"http:\/\/www.labfelipesanz.es\/lab\/index.php\/wp-json\/wp\/v2\/pages\/486\/revisions"}],"predecessor-version":[{"id":585,"href":"http:\/\/www.labfelipesanz.es\/lab\/index.php\/wp-json\/wp\/v2\/pages\/486\/revisions\/585"}],"wp:attachment":[{"href":"http:\/\/www.labfelipesanz.es\/lab\/index.php\/wp-json\/wp\/v2\/media?parent=486"}],"curies":[{"name":"wp","href":"https:\/\/api.w.org\/{rel}","templated":true}]}}