{"id":488,"date":"2019-01-31T18:14:15","date_gmt":"2019-01-31T18:14:15","guid":{"rendered":"http:\/\/www.labfelipesanz.es\/lab\/?page_id=488"},"modified":"2024-06-24T17:27:10","modified_gmt":"2024-06-24T17:27:10","slug":"aviso-legal","status":"publish","type":"page","link":"http:\/\/www.labfelipesanz.es\/lab\/index.php\/aviso-legal\/","title":{"rendered":"Aviso Legal"},"content":{"rendered":"\n<p>El presente aviso legal regula el uso del sitio web www.labfelipesanz.es (en adelante, la web o<br>sitio web), del que es titular la Laboratorio Dental Felipe Sanz, S. L.. Su privacidad y el<br>cumplimiento de la normativa vigente son nuestra prioridad.<\/p>\n\n\n\n<ol>\n<li>Informaci\u00f3n general.<\/li>\n\n\n\n<li>Condiciones de acceso y utilizaci\u00f3n.<\/li>\n\n\n\n<li>Exclusi\u00f3n de garant\u00edas y responsabilidad.<\/li>\n\n\n\n<li>Procedimiento en caso de realizaci\u00f3n de actividades de car\u00e1cter il\u00edcito.<\/li>\n\n\n\n<li>Jurisdicci\u00f3n aplicable<\/li>\n<\/ol>\n\n\n\n<p><strong>1.-INFORMACI\u00d3N GENERAL<\/strong><br>Laboratorio Dental Felipe Sanz, S. L., EL TITULAR DE LA WEB, es una Sociedad Mercantil inscrita en el Registro Mercantil de Madrid; Tomo 338441. Folio 70. Secci\u00f3n 8\u00aa. Hoja M-609090. Inscripci\u00f3n 1\u00aa, fecha 1 de octubre de 2015 y con NIF. B87319802. Su domicilio se encuentra en Calle Berenisa 17. 28023 Madrid.<\/p>\n\n\n\n<p>Si desea contactar con EL TITULAR DE LA WEB puede dirigirse a la direcci\u00f3n arriba indicada o a<br>laboratorio@labfelipesanz.es<br>En cumplimiento de lo dispuesto en la LSSICE, si usted no desea recibir m\u00e1s informaci\u00f3n sobre<br>nuestros servicios puede darse de baja, indicando en el asunto \u00abbaja\u00bb o \u00abno enviar correos\u00bb a<br>laboratorio@labfelipesanz.es<br>Todas las notificaciones y comunicaciones entre el usuario y EL TITULAR DE LA WEB se<br>considerar\u00e1n eficaces, a todos los efectos, cuando se realicen a trav\u00e9s los medios detallados<br>anteriormente.<br>Al navegar por la web se entiende que usted es un usuario que acepta sin reservas y con pleno<br>conocimiento las condiciones que se exponen en este texto, aunque ello no afecte a algunos<br>servicios particulares ofrecidos a trav\u00e9s del sitio web.<br>Si en alg\u00fan momento cambia de parecer deber\u00e1 abandonar el sitio web.<br>EL TITULAR DE LA WEB se reserva el derecho de modificar en cualquier momento la<br>informaci\u00f3n incluida en este aviso legal, es decir, que las condiciones de uso e informaci\u00f3n<br>expuestas incluyendo aquellas particulares y dem\u00e1s disposiciones pueden cambiar; por lo que<br>le recomendamos su consulta con regularidad.<br>En todo caso, tiene usted la obligaci\u00f3n de hacer un uso correcto del sitio web conforme a este<br>aviso Legal, las leyes, la buena fe, el orden p\u00fablico y los usos del tr\u00e1fico de la red. De no<br>observarse su cumplimiento, responder\u00e1 de cualesquiera da\u00f1os y perjuicios que pudieran<br>ocasionarse frente a EL TITULAR DE LA WEB o frente a terceros.<br>EL TITULAR DE LA WEB no garantiza la inexistencia de interrupciones o errores en el acceso a la<br>P\u00e1gina o a sus Contenidos, ni que \u00e9stos se encuentren actualizados, aunque desarrollar\u00e1 sus<br>mejores esfuerzos para, en su caso, evitarlos, subsanarlos o actualizarlos. Por consiguiente, EL<br>TITULAR DE LA WEB no se responsabiliza de los da\u00f1os o perjuicios de cualquier tipo producidos<br>en el Usuario que tengan causa de fallos o desconexiones en las redes de telecomunicaciones<br>que produzcan la suspensi\u00f3n, cancelaci\u00f3n o interrupci\u00f3n del servicio de la web durante la<br>prestaci\u00f3n del mismo o con car\u00e1cter previo.<br>EL TITULAR DE LA WEB excluye, con las excepciones contempladas en la legislaci\u00f3n vigente,<br>cualquier responsabilidad por los da\u00f1os y perjuicios de toda naturaleza que puedan deberse a<br>la falta de disponibilidad, continuidad o calidad del funcionamiento de la web y de los<br>contenidos, al no cumplimiento de la expectativa de utilidad que los usuarios hubieren podido<br>atribuir a la web y a los contenidos.<br>El acceso a la web no implica la obligaci\u00f3n por parte del titular de controlar la ausencia de<br>virus, gusanos o cualquier otro elemento inform\u00e1tico da\u00f1ino. Corresponde al usuario, en todo<br>caso, la disponibilidad de herramientas adecuadas para la detecci\u00f3n y desinfecci\u00f3n de<br>programas inform\u00e1ticos da\u00f1inos. Por lo tanto, EL TITULAR DE LA WEB no se hace responsable<br>de los posibles errores de seguridad que se puedan producir durante la prestaci\u00f3n del servicio<br>de la web, ni de los posibles da\u00f1os que puedan causarse al sistema inform\u00e1tico del usuario o<br>de terceros (hardware y software), los ficheros o documentos almacenados en el mismo, como<br>consecuencia de la presencia de virus en el ordenador del usuario utilizado para la conexi\u00f3n a<br>los servicios y contenidos de la web, de un mal funcionamiento del navegador o del uso de<br>versiones no actualizadas del mismo.<br>La prestaci\u00f3n del servicio de la web y de los contenidos tiene, en principio, duraci\u00f3n indefinida.<br>EL TITULAR DE LA WEB, no obstante, podr\u00e1 dar por terminada o suspender la prestaci\u00f3n del<br>servicio de la p\u00e1gina y\/o de cualquiera de los contenidos en cualquier momento.<\/p>\n\n\n\n<p><strong>2.- CONDICIONES DE ACCESO Y UTILIZACI\u00d3N<\/strong><\/p>\n\n\n\n<p>El sitio web y sus servicios son de acceso libre y gratuito, no obstante, EL TITULAR DE LA WEB<br>puede condicionar la utilizaci\u00f3n de algunos de los servicios ofrecidos en su web a la previacumplimentaci\u00f3n del correspondiente formulario y su posterior autorizaci\u00f3n.<br>El usuario es responsable de la informaci\u00f3n que comunique a EL TITULAR DE LA WEB, que no<br>podr\u00e1 ser falsa o inexacta; por lo que acredita que es cierta y est\u00e1 actualizada.<br>El usuario se compromete expresamente a hacer un uso adecuado de los contenidos y<br>servicios de EL TITULAR DE LA WEB y a no emplearlos para, entre otros: Difundir contenidos,<br>delictivos, violentos, pornogr\u00e1ficos, racistas, xen\u00f3fobo, ofensivos, de apolog\u00eda del terrorismo o,<br>en general, contrarios a la ley o al orden p\u00fablico.<\/p>\n\n\n\n<ol>\n<li>Difundir contenidos, delictivos, violentos, pornogr\u00e1ficos, racistas, xen\u00f3fobo, ofensivos,<br>de apolog\u00eda del terrorismo o, en general, contrarios a la ley o al orden p\u00fablico.<\/li>\n\n\n\n<li>Introducir en la red virus inform\u00e1ticos o realizar actuaciones susceptibles de alterar,<br>estropear, interrumpir o generar errores o da\u00f1os en los documentos electr\u00f3nicos, datos<br>o sistemas f\u00edsicos y l\u00f3gicos de EL TITULAR DE LA WEB o de terceras personas; as\u00ed como<br>obstaculizar el acceso de otros usuarios al sitio web y a sus servicios mediante el<br>consumo masivo de los recursos inform\u00e1ticos a trav\u00e9s de los cuales EL TITULAR DE LA<br>WEB presta sus servicios.<\/li>\n\n\n\n<li>Intentar acceder a las cuentas de correo electr\u00f3nico de otros usuarios o a \u00e1reas<br>restringidas de los sistemas inform\u00e1ticos de EL TITULAR DE LA WEB o de terceros y, en<br>su caso, extraer informaci\u00f3n.<\/li>\n\n\n\n<li>Vulnerar los derechos de propiedad intelectual o industrial, as\u00ed como violar la<br>confidencialidad de la informaci\u00f3n de EL TITULAR DE LA WEB o de terceros.<\/li>\n\n\n\n<li>Suplantar la identidad de otro usuario, de las administraciones p\u00fablicas o de un tercero.<\/li>\n\n\n\n<li>Reproducir, copiar, distribuir, poner a disposici\u00f3n o de cualquier otra forma comunicar<br>p\u00fablicamente, transformar o modificar los contenidos, a menos que se cuente con la<br>autorizaci\u00f3n del titular de los correspondientes derechos o ello resulte legalmente<br>permitido.<\/li>\n\n\n\n<li>Recabar datos con finalidad publicitaria y de remitir publicidad de cualquier clase y<br>comunicaciones con fines de venta u otras de naturaleza comercial sin que medie su<br>previa solicitud o consentimiento.<br>Todos los contenidos del sitio web, como textos, fotograf\u00edas, gr\u00e1ficos, im\u00e1genes, iconos,<br>tecnolog\u00eda, software, as\u00ed como su dise\u00f1o gr\u00e1fico y c\u00f3digos fuente, constituyen una obra cuya<br>propiedad pertenece a EL TITULAR DE LA WEB o a terceros, sin que puedan entenderse<br>cedidos al usuario ninguno de los derechos de explotaci\u00f3n sobre los mismos m\u00e1s all\u00e1 de lo<br>estrictamente necesario para el correcto uso de la web.<br>En definitiva, los usuarios que accedan a este sitio web pueden visualizar los contenidos y<br>efectuar, en su caso, copias privadas autorizadas siempre que los elementos reproducidos no<br>sean cedidos posteriormente a terceros, ni se instalen a servidores conectados a redes, ni sean<br>objeto de ning\u00fan tipo de explotaci\u00f3n.<br>Asimismo, todas las marcas, nombres comerciales o signos distintivos de cualquier clase que<br>aparecen en el sitio web son propiedad de EL TITULAR DE LA WEB o de terceros, sin que pueda<br>entenderse que el uso o acceso al mismo atribuya al usuario derecho alguno sobre los mismos.<br>La distribuci\u00f3n, modificaci\u00f3n, cesi\u00f3n o comunicaci\u00f3n p\u00fablica de los contenidos y cualquier otro<br>acto que no haya sido expresamente autorizado por el titular de los derechos de explotaci\u00f3n<br>quedan prohibidos.<br>El establecimiento de un hiperenlace no implica en ning\u00fan caso la existencia de relaciones<br>entre EL TITULAR DE LA WEB y el propietario del sitio web en la que se establezca, ni la<br>aceptaci\u00f3n y aprobaci\u00f3n por parte de EL TITULAR DE LA WEB de sus contenidos o servicios.<br>Aquellas personas que se propongan establecer un hiperenlace previamente deber\u00e1n solicitar<br>autorizaci\u00f3n por escrito a EL TITULAR DE LA WEB.<br>Asimismo, aunque un determinado idioma se encuentre habilitado en cualquiera de los<br>enlaces o aplicaciones externas del sitio web o en la Plataforma ODR, tal direcci\u00f3n del servicio<br>no puede entenderse extendido al sitio web ni a sus funcionalidades y debe considerarse como<br>externo e independiente.<br>EL TITULAR DE LA WEB no se responsabiliza del uso que cada usuario d\u00e9 a los materiales<br>puestos a disposici\u00f3n en este sitio web ni de las actuaciones que realice en base a los mismos.<\/li>\n<\/ol>\n\n\n\n<p><strong>3.- EXCLUSI\u00d3N DE GARANT\u00cdAS Y DE RESPONSABILIDAD<\/strong><\/p>\n\n\n\n<p>El contenido del presente sitio web \u00fanicamente tiene finalidad informativa pero la informaci\u00f3n<br>en \u00e9l dispuesta puede no ser correcta o actual, por lo que es responsabilidad del usuario<br>contrastarla.<br>EL TITULAR DE LA WEB ha adoptado los niveles de seguridad de protecci\u00f3n de los datos<br>personales legalmente requeridos, y procuran instalar aquellos otros medios y medidas<br>t\u00e9cnicas adicionales a su alcance para evitar la p\u00e9rdida, mal uso, alteraci\u00f3n, acceso no<br>autorizado y robo de los datos personales facilitados. EL TITULAR DE LA WEB no ser\u00e1<br>responsable de posibles da\u00f1os o perjuicios que se pudieran derivar de interferencias,<br>omisiones, interrupciones, virus inform\u00e1ticos, aver\u00edas telef\u00f3nicas o desconexiones en el<br>funcionamiento operativo de este sistema electr\u00f3nico, motivadas por causas ajenas al titular;<br>de retrasos o bloqueos en el uso del presente sistema electr\u00f3nico causados por deficiencias o<br>sobrecargas de l\u00edneas telef\u00f3nicas o sobrecargas en el Centro de Procesos de Datos, en el<br>sistema de Internet o en otros sistemas electr\u00f3nicos, as\u00ed como de da\u00f1os que puedan ser<br>causados por terceras personas mediante intromisiones ileg\u00edtimas fuera del control del titular.<br>No obstante, el usuario debe ser consciente de que las medidas de seguridad no son<br>inexpugnables.<br>Protegemos sus datos con SSL, las siglas que responden a los t\u00e9rminos en ingl\u00e9s (Secure Socket<br>Layer), el cual es un protocolo de seguridad que hace que sus datos viajen de manera \u00edntegra y<br>segura, es decir, la transmisi\u00f3n de los datos entre un servidor y usuario web, y en<br>retroalimentaci\u00f3n, es totalmente cifrada o encriptada.<br>EL TITULAR DE LA WEB excluye, hasta donde permite el ordenamiento jur\u00eddico, cualquier<br>responsabilidad por los da\u00f1os y perjuicios de toda naturaleza derivados de:<\/p>\n\n\n\n<ol>\n<li>La imposibilidad de acceso al sitio web o la falta de veracidad, exactitud, exhaustividad<br>y\/o actualidad de los contenidos, as\u00ed como la existencia de vicios y defectos de toda<br>clase de los contenidos transmitidos, difundidos, almacenados, puestos a disposici\u00f3n a<br>los que se haya accedido a trav\u00e9s del sitio web o de los servicios que se ofrecen.<\/li>\n\n\n\n<li>La presencia de virus o de otros elementos en los contenidos que puedan producir<br>alteraciones en los sistemas inform\u00e1ticos, documentos electr\u00f3nicos o datos de los<br>usuarios.<\/li>\n\n\n\n<li>El incumplimiento de las leyes, la buena fe, el orden p\u00fablico, los usos del tr\u00e1fico y el<br>presente aviso legal como consecuencia del uso incorrecto del sitio web. En particular, y<br>a modo ejemplificativo, EL TITULAR DE LA WEB no se hace responsable de las<br>actuaciones de terceros que vulneren derechos de propiedad intelectual e industrial,<br>secretos empresariales, derechos al honor, a la intimidad personal y familiar y a la<br>propia imagen, as\u00ed como la normativa en materia de competencia desleal y publicidad<br>il\u00edcita.<\/li>\n\n\n\n<li>Las decisiones que el Usuario pueda tomar basado en esta informaci\u00f3n, as\u00ed como por los<br>posibles errores tipogr\u00e1ficos que puedan contener los documentos y gr\u00e1ficos de la<br>P\u00e1gina. La informaci\u00f3n est\u00e1 sometida a posibles cambios peri\u00f3dicos sin previo aviso de<br>su contenido por ampliaci\u00f3n, mejora, correcci\u00f3n o actualizaci\u00f3n de los Contenidos.<\/li>\n\n\n\n<li>Los servicios que ofrezcan terceros, que incluyan enlaces en esta web, as\u00ed como de las<br>condiciones particulares o generales que requieran, ni de los contenidos a los que se<br>accedan por medio de los enlaces establecidos.<br>Asimismo, EL TITULAR DE LA WEB declina cualquier responsabilidad respecto a la informaci\u00f3n<br>que se halle fuera de esta web y no sea gestionada directamente por este. La funci\u00f3n de los<br>enlaces que aparecen en esta web es exclusivamente la de informar al usuario sobre la<br>existencia de otras fuentes, susceptibles de ampliar los contenidos que ofrece este sitio web.<br>EL TITULAR DE LA WEB no garantiza ni se responsabiliza del funcionamiento o accesibilidad de<br>los sitios enlazados; ni sugiere, invita o recomienda la visita a los mismos, por lo que tampoco<br>ser\u00e1 responsable del resultado obtenido. EL TITULAR DE LA WEB no se responsabiliza del<br>establecimiento de hiperv\u00ednculos por parte de terceros.<br>Si opta a abandonar nuestro sitio web a trav\u00e9s de enlaces a sitios web no pertenecientes a<br>nuestra entidad, EL TITULAR DE LA WEB no se har\u00e1 responsable de las pol\u00edticas de privacidad<br>de dichos sitios web ni de las cookies que \u00e9stos puedan almacenar en el ordenador del usuario.<\/li>\n<\/ol>\n\n\n\n<p><strong>4.- PROCEDIMIENTO EN CASO DE REALIZACI\u00d3N DE ACTIVIDADES DE CAR\u00c1CTER IL\u00cdCITO<\/strong><\/p>\n\n\n\n<p>En el caso de que cualquier usuario o un tercero considere que existen hechos o circunstancias<br>que revelen el car\u00e1cter il\u00edcito de la utilizaci\u00f3n de cualquier contenido y\/o de la realizaci\u00f3n de<br>cualquier actividad en las p\u00e1ginas web incluidas o accesibles a trav\u00e9s del sitio web, debe<br>detalladamente ponerlo de inmediato en conocimiento del EL TITULAR DE LA WEB,<br>identific\u00e1ndose y junto con la declaraci\u00f3n bajo su propia responsabilidad de que la informaci\u00f3n<br>aportada es exacta.<\/p>\n\n\n\n<p><strong>5.- JURISDICCI\u00d3N APLICABLE<\/strong><\/p>\n\n\n\n<p>Si parte de estas condiciones generales de contrataci\u00f3n fuera contraria a derecho, y por tanto,<br>inv\u00e1lida, no afectar\u00e1 a las otras disposiciones que son conforme a derecho, por lo tanto, las<br>partes se comprometen a renegociar aquellas clausulas o condiciones del servicio que<br>resultaran nulas y a incorporarlas al resto de las condiciones v\u00e1lidas.<br>Las normas de uso que se encuentran en el presente Acuerdo Legal quedan sujetas al<br>ordenamiento espa\u00f1ol.<br>Para cualquier cuesti\u00f3n que pudiera suscitarse y en todo caso en cuanto al cumplimiento<br>y\/ejecuci\u00f3n de las presentes normas es competente y por tanto se someter\u00e1n al fuero de los<br>Juzgados y Tribunales de Madrid siendo aplicable la ley de Espa\u00f1a.<\/p>\n","protected":false},"excerpt":{"rendered":"<p>El presente aviso legal regula el uso del sitio web www.labfelipesanz.es (en adelante, la web ositio web), del que es titular la Laboratorio Dental Felipe Sanz, S. L.. Su privacidad y elcumplimiento de la normativa vigente son nuestra prioridad. 1.-INFORMACI\u00d3N GENERALLaboratorio Dental Felipe Sanz, S. L., EL TITULAR DE LA WEB, es una Sociedad Mercantil [&hellip;]<\/p>\n","protected":false},"author":1,"featured_media":0,"parent":0,"menu_order":0,"comment_status":"closed","ping_status":"closed","template":"","meta":{"sfsi_plus_gutenberg_text_before_share":"","sfsi_plus_gutenberg_show_text_before_share":"","sfsi_plus_gutenberg_icon_type":"","sfsi_plus_gutenberg_icon_alignemt":"","sfsi_plus_gutenburg_max_per_row":"","footnotes":""},"yoast_head":"<!-- This site is optimized with the Yoast SEO plugin v15.9.1 - https:\/\/yoast.com\/wordpress\/plugins\/seo\/ -->\n<title>Aviso Legal - Laboratorio Dental Felipe Sanz<\/title>\n<link rel=\"canonical\" href=\"http:\/\/www.labfelipesanz.es\/lab\/index.php\/aviso-legal\/\" \/>\n<meta property=\"og:locale\" content=\"es_ES\" \/>\n<meta property=\"og:type\" content=\"article\" \/>\n<meta property=\"og:title\" content=\"Aviso Legal - Laboratorio Dental Felipe Sanz\" \/>\n<meta property=\"og:description\" content=\"El presente aviso legal regula el uso del sitio web www.labfelipesanz.es (en adelante, la web ositio web), del que es titular la Laboratorio Dental Felipe Sanz, S. L.. Su privacidad y elcumplimiento de la normativa vigente son nuestra prioridad. 1.-INFORMACI\u00d3N GENERALLaboratorio Dental Felipe Sanz, S. L., EL TITULAR DE LA WEB, es una Sociedad Mercantil [&hellip;]\" \/>\n<meta property=\"og:url\" content=\"http:\/\/www.labfelipesanz.es\/lab\/index.php\/aviso-legal\/\" \/>\n<meta property=\"og:site_name\" content=\"Laboratorio Dental Felipe Sanz\" \/>\n<meta property=\"article:publisher\" content=\"https:\/\/www.facebook.com\/Laboratorio-Dental-Felipe-Sanz-SL-426593971062487\/\" \/>\n<meta property=\"article:modified_time\" content=\"2024-06-24T17:27:10+00:00\" \/>\n<meta name=\"twitter:card\" content=\"summary_large_image\" \/>\n<meta name=\"twitter:label1\" content=\"Tiempo de lectura\">\n\t<meta name=\"twitter:data1\" content=\"11 minutos\">\n<script type=\"application\/ld+json\" class=\"yoast-schema-graph\">{\"@context\":\"https:\/\/schema.org\",\"@graph\":[{\"@type\":\"Organization\",\"@id\":\"http:\/\/www.labfelipesanz.es\/lab\/#organization\",\"name\":\"Laboratorio Dental Felipe Sanz\",\"url\":\"http:\/\/www.labfelipesanz.es\/lab\/\",\"sameAs\":[\"https:\/\/www.facebook.com\/Laboratorio-Dental-Felipe-Sanz-SL-426593971062487\/\",\"http:\/\/www.labfelipesanz.es\/lab\/wp-content\/plugins\/ultimate-social-media-plus\/images\/icons_theme\/cute\/cute_instagram.png\",\"http:\/\/www.labfelipesanz.es\/lab\/wp-content\/plugins\/ultimate-social-media-plus\/images\/icons_theme\/cute\/cute_linkedin.png\",\"https:\/\/www.youtube.com\/channel\/UCB1uAvlmr9z6rxdPNw5Iu9w\"],\"logo\":{\"@type\":\"ImageObject\",\"@id\":\"http:\/\/www.labfelipesanz.es\/lab\/#logo\",\"inLanguage\":\"es\",\"url\":\"http:\/\/www.labfelipesanz.es\/lab\/wp-content\/uploads\/2016\/10\/LOGO_header.jpg\",\"width\":200,\"height\":172,\"caption\":\"Laboratorio Dental Felipe Sanz\"},\"image\":{\"@id\":\"http:\/\/www.labfelipesanz.es\/lab\/#logo\"}},{\"@type\":\"WebSite\",\"@id\":\"http:\/\/www.labfelipesanz.es\/lab\/#website\",\"url\":\"http:\/\/www.labfelipesanz.es\/lab\/\",\"name\":\"Laboratorio Dental Felipe Sanz\",\"description\":\"Portal web del laboratorio dental Felipe Sanz\",\"publisher\":{\"@id\":\"http:\/\/www.labfelipesanz.es\/lab\/#organization\"},\"potentialAction\":[{\"@type\":\"SearchAction\",\"target\":\"http:\/\/www.labfelipesanz.es\/lab\/?s={search_term_string}\",\"query-input\":\"required name=search_term_string\"}],\"inLanguage\":\"es\"},{\"@type\":\"WebPage\",\"@id\":\"http:\/\/www.labfelipesanz.es\/lab\/index.php\/aviso-legal\/#webpage\",\"url\":\"http:\/\/www.labfelipesanz.es\/lab\/index.php\/aviso-legal\/\",\"name\":\"Aviso Legal - Laboratorio Dental Felipe Sanz\",\"isPartOf\":{\"@id\":\"http:\/\/www.labfelipesanz.es\/lab\/#website\"},\"datePublished\":\"2019-01-31T18:14:15+00:00\",\"dateModified\":\"2024-06-24T17:27:10+00:00\",\"breadcrumb\":{\"@id\":\"http:\/\/www.labfelipesanz.es\/lab\/index.php\/aviso-legal\/#breadcrumb\"},\"inLanguage\":\"es\",\"potentialAction\":[{\"@type\":\"ReadAction\",\"target\":[\"http:\/\/www.labfelipesanz.es\/lab\/index.php\/aviso-legal\/\"]}]},{\"@type\":\"BreadcrumbList\",\"@id\":\"http:\/\/www.labfelipesanz.es\/lab\/index.php\/aviso-legal\/#breadcrumb\",\"itemListElement\":[{\"@type\":\"ListItem\",\"position\":1,\"item\":{\"@type\":\"WebPage\",\"@id\":\"http:\/\/www.labfelipesanz.es\/lab\/\",\"url\":\"http:\/\/www.labfelipesanz.es\/lab\/\",\"name\":\"Portada\"}},{\"@type\":\"ListItem\",\"position\":2,\"item\":{\"@type\":\"WebPage\",\"@id\":\"http:\/\/www.labfelipesanz.es\/lab\/index.php\/aviso-legal\/\",\"url\":\"http:\/\/www.labfelipesanz.es\/lab\/index.php\/aviso-legal\/\",\"name\":\"Aviso Legal\"}}]}]}<\/script>\n<!-- \/ Yoast SEO plugin. -->","_links":{"self":[{"href":"http:\/\/www.labfelipesanz.es\/lab\/index.php\/wp-json\/wp\/v2\/pages\/488"}],"collection":[{"href":"http:\/\/www.labfelipesanz.es\/lab\/index.php\/wp-json\/wp\/v2\/pages"}],"about":[{"href":"http:\/\/www.labfelipesanz.es\/lab\/index.php\/wp-json\/wp\/v2\/types\/page"}],"author":[{"embeddable":true,"href":"http:\/\/www.labfelipesanz.es\/lab\/index.php\/wp-json\/wp\/v2\/users\/1"}],"replies":[{"embeddable":true,"href":"http:\/\/www.labfelipesanz.es\/lab\/index.php\/wp-json\/wp\/v2\/comments?post=488"}],"version-history":[{"count":21,"href":"http:\/\/www.labfelipesanz.es\/lab\/index.php\/wp-json\/wp\/v2\/pages\/488\/revisions"}],"predecessor-version":[{"id":572,"href":"http:\/\/www.labfelipesanz.es\/lab\/index.php\/wp-json\/wp\/v2\/pages\/488\/revisions\/572"}],"wp:attachment":[{"href":"http:\/\/www.labfelipesanz.es\/lab\/index.php\/wp-json\/wp\/v2\/media?parent=488"}],"curies":[{"name":"wp","href":"https:\/\/api.w.org\/{rel}","templated":true}]}}