{"id":68,"date":"2016-10-31T08:33:03","date_gmt":"2016-10-31T08:33:03","guid":{"rendered":"http:\/\/www.labfelipesanz.es\/lab\/?page_id=68"},"modified":"2018-01-17T08:37:27","modified_gmt":"2018-01-17T08:37:27","slug":"protesis-sobre-implante","status":"publish","type":"page","link":"http:\/\/www.labfelipesanz.es\/lab\/index.php\/protesis-sobre-implante\/","title":{"rendered":"Protesis sobre implante"},"content":{"rendered":"<p>Este tipo de pr\u00f3tesis tiene como objetivo sustituir los dientes ausentes por medio de la colocaci\u00f3n de un implante dental en el hueso maxilar o mandibular por parte del odont\u00f3logo o cirujano.<\/p>\n<p>Los tipos de pr\u00f3tesis sobre implantes dentales son:<\/p>\n<p>\u00b7 <strong>Pr\u00f3tesis fija<\/strong>: pudiendo ser de Metal Cer\u00e1mica o de E-max\/Circonio sobre Interfases.<\/p>\n<p><img loading=\"lazy\" decoding=\"async\" class=\" wp-image-171 aligncenter\" src=\"http:\/\/www.labfelipesanz.es\/lab\/wp-content\/uploads\/2017\/10\/retocada-rehabilitacion-de-ceramica-2-300x201.jpg\" alt=\"\" width=\"246\" height=\"164\" srcset=\"http:\/\/www.labfelipesanz.es\/lab\/wp-content\/uploads\/2017\/10\/retocada-rehabilitacion-de-ceramica-2-300x201.jpg 300w, http:\/\/www.labfelipesanz.es\/lab\/wp-content\/uploads\/2017\/10\/retocada-rehabilitacion-de-ceramica-2-768x514.jpg 768w, http:\/\/www.labfelipesanz.es\/lab\/wp-content\/uploads\/2017\/10\/retocada-rehabilitacion-de-ceramica-2-1024x685.jpg 1024w\" sizes=\"(max-width: 246px) 100vw, 246px\" \/><\/p>\n<p>\u00b7 <strong>H\u00edbridas<\/strong>: la cual consta de una estructura met\u00e1lica recubierta por acr\u00edlico-porcelana que a su vez soporta, en la parte coronal los dientes artificiales; pudiendo ser de resina o de cer\u00e1mica.<\/p>\n<p><img loading=\"lazy\" decoding=\"async\" class=\"wp-image-153 aligncenter\" src=\"http:\/\/www.labfelipesanz.es\/lab\/wp-content\/uploads\/2017\/10\/DSC_0328-retocada-para-web-hibrida-de-resina-300x201.jpg\" alt=\"\" width=\"237\" height=\"159\" srcset=\"http:\/\/www.labfelipesanz.es\/lab\/wp-content\/uploads\/2017\/10\/DSC_0328-retocada-para-web-hibrida-de-resina-300x201.jpg 300w, http:\/\/www.labfelipesanz.es\/lab\/wp-content\/uploads\/2017\/10\/DSC_0328-retocada-para-web-hibrida-de-resina-768x514.jpg 768w, http:\/\/www.labfelipesanz.es\/lab\/wp-content\/uploads\/2017\/10\/DSC_0328-retocada-para-web-hibrida-de-resina-1024x685.jpg 1024w\" sizes=\"(max-width: 237px) 100vw, 237px\" \/><\/p>\n<p>\u00b7 <strong>Sobre dentadura<\/strong>: la cual se puede realizar bajo dos t\u00e9cnicas prot\u00e9sicas distintas: con barra y con sistema locator.<\/p>\n<p><img loading=\"lazy\" decoding=\"async\" class=\" wp-image-189 aligncenter\" src=\"http:\/\/www.labfelipesanz.es\/lab\/wp-content\/uploads\/2017\/10\/IMG_0616-LOGO-SOBREDENTADURA-300x201.png\" alt=\"\" width=\"233\" height=\"156\" srcset=\"http:\/\/www.labfelipesanz.es\/lab\/wp-content\/uploads\/2017\/10\/IMG_0616-LOGO-SOBREDENTADURA-300x201.png 300w, http:\/\/www.labfelipesanz.es\/lab\/wp-content\/uploads\/2017\/10\/IMG_0616-LOGO-SOBREDENTADURA-768x513.png 768w, http:\/\/www.labfelipesanz.es\/lab\/wp-content\/uploads\/2017\/10\/IMG_0616-LOGO-SOBREDENTADURA.png 872w\" sizes=\"(max-width: 233px) 100vw, 233px\" \/><\/p>\n","protected":false},"excerpt":{"rendered":"<p>Este tipo de pr\u00f3tesis tiene como objetivo sustituir los dientes ausentes por medio de la colocaci\u00f3n de un implante dental en el hueso maxilar o mandibular por parte del odont\u00f3logo o cirujano. Los tipos de pr\u00f3tesis sobre implantes dentales son: \u00b7 Pr\u00f3tesis fija: pudiendo ser de Metal Cer\u00e1mica o de E-max\/Circonio sobre Interfases. \u00b7 H\u00edbridas: [&hellip;]<\/p>\n","protected":false},"author":1,"featured_media":0,"parent":0,"menu_order":0,"comment_status":"closed","ping_status":"closed","template":"","meta":{"sfsi_plus_gutenberg_text_before_share":"","sfsi_plus_gutenberg_show_text_before_share":"","sfsi_plus_gutenberg_icon_type":"","sfsi_plus_gutenberg_icon_alignemt":"","sfsi_plus_gutenburg_max_per_row":"","footnotes":""},"yoast_head":"<!-- This site is optimized with the Yoast SEO plugin v15.9.1 - https:\/\/yoast.com\/wordpress\/plugins\/seo\/ -->\n<title>Protesis sobre implante - Laboratorio Dental Felipe Sanz<\/title>\n<link rel=\"canonical\" href=\"http:\/\/www.labfelipesanz.es\/lab\/index.php\/protesis-sobre-implante\/\" \/>\n<meta property=\"og:locale\" content=\"es_ES\" \/>\n<meta property=\"og:type\" content=\"article\" \/>\n<meta property=\"og:title\" content=\"Protesis sobre implante - Laboratorio Dental Felipe Sanz\" \/>\n<meta property=\"og:description\" content=\"Este tipo de pr\u00f3tesis tiene como objetivo sustituir los dientes ausentes por medio de la colocaci\u00f3n de un implante dental en el hueso maxilar o mandibular por parte del odont\u00f3logo o cirujano. Los tipos de pr\u00f3tesis sobre implantes dentales son: \u00b7 Pr\u00f3tesis fija: pudiendo ser de Metal Cer\u00e1mica o de E-max\/Circonio sobre Interfases. \u00b7 H\u00edbridas: [&hellip;]\" \/>\n<meta property=\"og:url\" content=\"http:\/\/www.labfelipesanz.es\/lab\/index.php\/protesis-sobre-implante\/\" \/>\n<meta property=\"og:site_name\" content=\"Laboratorio Dental Felipe Sanz\" \/>\n<meta property=\"article:publisher\" content=\"https:\/\/www.facebook.com\/Laboratorio-Dental-Felipe-Sanz-SL-426593971062487\/\" \/>\n<meta property=\"article:modified_time\" content=\"2018-01-17T08:37:27+00:00\" \/>\n<meta property=\"og:image\" content=\"http:\/\/www.labfelipesanz.es\/lab\/wp-content\/uploads\/2017\/10\/retocada-rehabilitacion-de-ceramica-2-300x201.jpg\" \/>\n<meta name=\"twitter:card\" content=\"summary_large_image\" \/>\n<meta name=\"twitter:label1\" content=\"Tiempo de lectura\">\n\t<meta name=\"twitter:data1\" content=\"1 minuto\">\n<script type=\"application\/ld+json\" class=\"yoast-schema-graph\">{\"@context\":\"https:\/\/schema.org\",\"@graph\":[{\"@type\":\"Organization\",\"@id\":\"http:\/\/www.labfelipesanz.es\/lab\/#organization\",\"name\":\"Laboratorio Dental Felipe Sanz\",\"url\":\"http:\/\/www.labfelipesanz.es\/lab\/\",\"sameAs\":[\"https:\/\/www.facebook.com\/Laboratorio-Dental-Felipe-Sanz-SL-426593971062487\/\",\"http:\/\/www.labfelipesanz.es\/lab\/wp-content\/plugins\/ultimate-social-media-plus\/images\/icons_theme\/cute\/cute_instagram.png\",\"http:\/\/www.labfelipesanz.es\/lab\/wp-content\/plugins\/ultimate-social-media-plus\/images\/icons_theme\/cute\/cute_linkedin.png\",\"https:\/\/www.youtube.com\/channel\/UCB1uAvlmr9z6rxdPNw5Iu9w\"],\"logo\":{\"@type\":\"ImageObject\",\"@id\":\"http:\/\/www.labfelipesanz.es\/lab\/#logo\",\"inLanguage\":\"es\",\"url\":\"http:\/\/www.labfelipesanz.es\/lab\/wp-content\/uploads\/2016\/10\/LOGO_header.jpg\",\"width\":200,\"height\":172,\"caption\":\"Laboratorio Dental Felipe Sanz\"},\"image\":{\"@id\":\"http:\/\/www.labfelipesanz.es\/lab\/#logo\"}},{\"@type\":\"WebSite\",\"@id\":\"http:\/\/www.labfelipesanz.es\/lab\/#website\",\"url\":\"http:\/\/www.labfelipesanz.es\/lab\/\",\"name\":\"Laboratorio Dental Felipe Sanz\",\"description\":\"Portal web del laboratorio dental Felipe Sanz\",\"publisher\":{\"@id\":\"http:\/\/www.labfelipesanz.es\/lab\/#organization\"},\"potentialAction\":[{\"@type\":\"SearchAction\",\"target\":\"http:\/\/www.labfelipesanz.es\/lab\/?s={search_term_string}\",\"query-input\":\"required name=search_term_string\"}],\"inLanguage\":\"es\"},{\"@type\":\"ImageObject\",\"@id\":\"http:\/\/www.labfelipesanz.es\/lab\/index.php\/protesis-sobre-implante\/#primaryimage\",\"inLanguage\":\"es\",\"url\":\"http:\/\/www.labfelipesanz.es\/lab\/wp-content\/uploads\/2017\/10\/retocada-rehabilitacion-de-ceramica-2.jpg\",\"width\":3872,\"height\":2592},{\"@type\":\"WebPage\",\"@id\":\"http:\/\/www.labfelipesanz.es\/lab\/index.php\/protesis-sobre-implante\/#webpage\",\"url\":\"http:\/\/www.labfelipesanz.es\/lab\/index.php\/protesis-sobre-implante\/\",\"name\":\"Protesis sobre implante - Laboratorio Dental Felipe Sanz\",\"isPartOf\":{\"@id\":\"http:\/\/www.labfelipesanz.es\/lab\/#website\"},\"primaryImageOfPage\":{\"@id\":\"http:\/\/www.labfelipesanz.es\/lab\/index.php\/protesis-sobre-implante\/#primaryimage\"},\"datePublished\":\"2016-10-31T08:33:03+00:00\",\"dateModified\":\"2018-01-17T08:37:27+00:00\",\"breadcrumb\":{\"@id\":\"http:\/\/www.labfelipesanz.es\/lab\/index.php\/protesis-sobre-implante\/#breadcrumb\"},\"inLanguage\":\"es\",\"potentialAction\":[{\"@type\":\"ReadAction\",\"target\":[\"http:\/\/www.labfelipesanz.es\/lab\/index.php\/protesis-sobre-implante\/\"]}]},{\"@type\":\"BreadcrumbList\",\"@id\":\"http:\/\/www.labfelipesanz.es\/lab\/index.php\/protesis-sobre-implante\/#breadcrumb\",\"itemListElement\":[{\"@type\":\"ListItem\",\"position\":1,\"item\":{\"@type\":\"WebPage\",\"@id\":\"http:\/\/www.labfelipesanz.es\/lab\/\",\"url\":\"http:\/\/www.labfelipesanz.es\/lab\/\",\"name\":\"Portada\"}},{\"@type\":\"ListItem\",\"position\":2,\"item\":{\"@type\":\"WebPage\",\"@id\":\"http:\/\/www.labfelipesanz.es\/lab\/index.php\/protesis-sobre-implante\/\",\"url\":\"http:\/\/www.labfelipesanz.es\/lab\/index.php\/protesis-sobre-implante\/\",\"name\":\"Protesis sobre implante\"}}]}]}<\/script>\n<!-- \/ Yoast SEO plugin. -->","_links":{"self":[{"href":"http:\/\/www.labfelipesanz.es\/lab\/index.php\/wp-json\/wp\/v2\/pages\/68"}],"collection":[{"href":"http:\/\/www.labfelipesanz.es\/lab\/index.php\/wp-json\/wp\/v2\/pages"}],"about":[{"href":"http:\/\/www.labfelipesanz.es\/lab\/index.php\/wp-json\/wp\/v2\/types\/page"}],"author":[{"embeddable":true,"href":"http:\/\/www.labfelipesanz.es\/lab\/index.php\/wp-json\/wp\/v2\/users\/1"}],"replies":[{"embeddable":true,"href":"http:\/\/www.labfelipesanz.es\/lab\/index.php\/wp-json\/wp\/v2\/comments?post=68"}],"version-history":[{"count":13,"href":"http:\/\/www.labfelipesanz.es\/lab\/index.php\/wp-json\/wp\/v2\/pages\/68\/revisions"}],"predecessor-version":[{"id":438,"href":"http:\/\/www.labfelipesanz.es\/lab\/index.php\/wp-json\/wp\/v2\/pages\/68\/revisions\/438"}],"wp:attachment":[{"href":"http:\/\/www.labfelipesanz.es\/lab\/index.php\/wp-json\/wp\/v2\/media?parent=68"}],"curies":[{"name":"wp","href":"https:\/\/api.w.org\/{rel}","templated":true}]}}